{"id":825,"date":"2023-12-21T09:43:27","date_gmt":"2023-12-21T08:43:27","guid":{"rendered":"https:\/\/easyflat-1892.com\/datenschutzrichtlinie\/"},"modified":"2024-03-22T15:04:40","modified_gmt":"2024-03-22T14:04:40","slug":"datenschutzrichtlinie","status":"publish","type":"page","link":"https:\/\/easyflat-1892.com\/de\/datenschutzrichtlinie\/","title":{"rendered":"Datenschutzrichtlinie"},"content":{"rendered":"\n<div class=\"wp-block-getwid-section getwid-section-content-custom-width\"><div class=\"wp-block-getwid-section__wrapper\" style=\"min-height:90vh\"><div class=\"wp-block-getwid-section__inner-wrapper\" style=\"max-width:1000px\"><div class=\"wp-block-getwid-section__background-holder\"><div class=\"wp-block-getwid-section__background\" style=\"background-image:url('https:\/\/easyflat-1892.com\/wp-content\/uploads\/2024\/02\/fond-case.jpeg')\"><div class=\"wp-block-getwid-section__background-image-wrapper\"><img decoding=\"async\" class=\"wp-block-getwid-section__background-image\" src=\"https:\/\/easyflat-1892.com\/wp-content\/uploads\/2024\/02\/fond-case.jpeg\" alt=\"\"\/><\/div><\/div><div class=\"wp-block-getwid-section__foreground\" style=\"opacity:0.75;background-color:#342b7d\"><\/div><\/div><div class=\"wp-block-getwid-section__content\"><div class=\"wp-block-getwid-section__inner-content\">\n<h1 class=\"wp-block-heading has-text-align-center has-white-color has-text-color has-link-color wp-elements-ba4cc1374ac6695a7d1b43d0007420af\">Datenschutzrichtlinie\n        <\/h1>\n<\/div><\/div><\/div><\/div><\/div>\n\n<div class=\"wp-block-getwid-section\"><div class=\"wp-block-getwid-section__wrapper\"><div class=\"wp-block-getwid-section__inner-wrapper\"><div class=\"wp-block-getwid-section__background-holder\"><div class=\"wp-block-getwid-section__background\"><\/div><div class=\"wp-block-getwid-section__foreground\"><\/div><\/div><div class=\"wp-block-getwid-section__content\"><div class=\"wp-block-getwid-section__inner-content\">\n<h2 class=\"wp-block-heading\">\u00dcber uns\n        <\/h2>\n\n\n\n<p>Die Adresse unserer Website ist: http: <a href=\"http:\/\/easyflat-1892.com\/fr\/\">\/\/easyflat-1892.com\/de\/<\/a><\/p>\n\n\n\n<h2 class=\"wp-block-heading\">Definitionen\n        <\/h2>\n\n\n\n<p>Der Herausgeber: Die nat\u00fcrliche oder juristische Person, die die \u00f6ffentlichen Online-Kommunikationsdienste\n        <br\/>herausgibt.\n        <br\/>Die Website: S\u00e4mtliche Websites, Internetseiten und Online-Dienste, die vom Herausgeber angeboten werden.\n        <br\/>Der Nutzer: Die Person, die die Website und die Dienste nutzt.\n        <\/p>\n\n\n\n<h2 class=\"wp-block-heading\">1- Art der gesammelten Daten\n        <\/h2>\n\n\n\n<p>Im Rahmen der Nutzung der Websites kann der Herausgeber die folgenden Kategorien von Daten \u00fcber seine Nutzer sammeln: Personenstandsdaten, Identit\u00e4tsdaten, Identifikationsdaten&#8230;\n        <\/p>\n\n\n\n<h2 class=\"wp-block-heading\">2- Weitergabe von pers\u00f6nlichen Daten an Dritte\n        <\/h2>\n\n\n\n<p>Keine Weitergabe an Dritte: Ihre Daten werden nicht an Dritte weitergegeben.\n         Sie werden jedoch darauf hingewiesen, dass sie aufgrund eines Gesetzes, einer Verordnung oder aufgrund einer Entscheidung einer zust\u00e4ndigen Regulierungsbeh\u00f6rde oder eines Gerichts offengelegt werden k\u00f6nnen.\n        <\/p>\n\n\n\n<h2 class=\"wp-block-heading\">3- Vorabinformation f\u00fcr die Weitergabe von personenbezogenen Daten an Dritte im Falle einer Fusion\/\u00dcbernahme\n        <\/h2>\n\n\n\n<p>Einholen des Opt-in (Zustimmung) vor der Daten\u00fcbertragung nach einer Fusion\/\u00dcbernahme: F\u00fcr den Fall, dass wir an einer Fusion, einer \u00dcbernahme oder einer anderen Form der Ver\u00e4u\u00dferung von Verm\u00f6genswerten teilnehmen, verpflichten wir uns, Ihre vorherige Zustimmung zur \u00dcbertragung Ihrer personenbezogenen Daten einzuholen und das Niveau der Vertraulichkeit Ihrer personenbezogenen Daten, dem Sie zugestimmt haben, beizubehalten.\n        <\/p>\n\n\n\n<h2 class=\"wp-block-heading\">4- Datenaggregation\n        <\/h2>\n\n\n\n<p>Aggregation mit nicht personenbezogenen Daten: Wir k\u00f6nnen zusammengef\u00fchrte Informationen (Informationen \u00fcber alle unsere Nutzer oder bestimmte Gruppen oder Kategorien von Nutzern, die wir so kombinieren, dass ein einzelner Nutzer nicht mehr identifiziert oder erw\u00e4hnt werden kann) und nicht personenbezogene Informationen ver\u00f6ffentlichen, offenlegen und f\u00fcr Branchen- und Marktanalysen, zur Erstellung von demografischen Profilen, f\u00fcr Werbe- und Marketingzwecke und f\u00fcr andere Gesch\u00e4ftszwecke verwenden.\n         Aggregation mit personenbezogenen Daten, die in den sozialen Konten des Nutzers verf\u00fcgbar sind: Wenn Sie Ihr Konto mit dem Konto eines anderen Dienstes f\u00fcr Crossmailing verbinden, kann dieser Dienst Ihre Profil- und Anmeldedaten sowie andere Informationen, deren Offenlegung Sie freigegeben haben, an uns weitergeben.\n         Wir k\u00f6nnen die Informationen \u00fcber alle unsere anderen Nutzer, Gruppen, Konten mit den verf\u00fcgbaren personenbezogenen Daten des Nutzers zusammenf\u00fchren.\n        <\/p>\n\n\n\n<h2 class=\"wp-block-heading\">5- Sammeln von Identit\u00e4tsdaten: Freier Besuch\n        <\/h2>\n\n\n\n<p>F\u00fcr den Besuch der Website ist keine vorherige Registrierung oder Identifizierung erforderlich.\n         Er kann erfolgen, ohne dass Sie personenbezogene Daten \u00fcber sich selbst (Nachname, Vorname, Adresse usw.) angeben.\n         Wir registrieren keine personenbezogenen Daten f\u00fcr den blo\u00dfen Besuch der Website.\n        <\/p>\n\n\n\n<h2 class=\"wp-block-heading\">6- Sammlung von Identifikationsdaten: Verwendung der Benutzerkennung nur f\u00fcr den Zugang zu den Diensten\n        <\/h2>\n\n\n\n<p>Wir verwenden Ihre elektronischen Kennungen nur f\u00fcr und w\u00e4hrend der Erf\u00fcllung des Vertrags.\n        <\/p>\n\n\n\n<h2 class=\"wp-block-heading\">7- Sammlung von Daten des Terminals\n        <\/h2>\n\n\n\n<p>Keine Sammlung technischer Daten: Wir sammeln und speichern keine technischen Daten Ihres Ger\u00e4ts (IP-Adresse, Internetanbieter&#8230;).\n        <\/p>\n\n\n\n<h2 class=\"wp-block-heading\">8- Cookies\n        <\/h2>\n\n\n\n<p>Dauer der Speicherung von Cookies\n        <\/p>\n\n\n\n<p>Gem\u00e4\u00df den Empfehlungen der CNIL betr\u00e4gt die maximale Speicherdauer von Cookies h\u00f6chstens 13 Monate nach ihrer ersten Ablage im Endger\u00e4t des Nutzers, ebenso wie die Dauer der G\u00fcltigkeit der Zustimmung des Nutzers zur Verwendung dieser Cookies.\n         Die Lebensdauer der Cookies wird nicht bei jedem Besuch verl\u00e4ngert.\n         Die Zustimmung des Nutzers muss daher nach Ablauf dieser Frist erneuert werden.\n        <\/p>\n\n\n\n<p>Zweck von Cookies\n        <\/p>\n\n\n\n<p>Cookies k\u00f6nnen zu statistischen Zwecken verwendet werden, insbesondere um die dem Nutzer angebotenen Dienstleistungen zu optimieren, ausgehend von der Verarbeitung von Informationen \u00fcber die H\u00e4ufigkeit des Zugriffs, die Personalisierung der Seiten sowie die durchgef\u00fchrten Operationen und die aufgerufenen Informationen.\n         Sie werden dar\u00fcber informiert, dass der Herausgeber m\u00f6glicherweise Cookies auf Ihrem Endger\u00e4t ablegt.\n         Das Cookie speichert Informationen \u00fcber die Navigation in dem Dienst (die Seiten, die Sie aufgerufen haben, Datum und Uhrzeit des Aufrufs&#8230;), die wir bei Ihren sp\u00e4teren Besuchen lesen k\u00f6nnen.\n         Recht des Nutzers, Cookies abzulehnen: Sie best\u00e4tigen, dass Sie dar\u00fcber informiert wurden, dass der Herausgeber m\u00f6glicherweise Cookies einsetzt.\n        <\/p>\n\n\n\n<p>Wenn Sie nicht m\u00f6chten, dass Cookies auf Ihrem Endger\u00e4t verwendet werden, k\u00f6nnen Sie bei den meisten Browsern \u00fcber die Einstellungsoptionen die Verwendung von Cookies deaktivieren.\n        <\/p>\n\n\n\n<h2 class=\"wp-block-heading\">9- Aufbewahrung von technischen Daten\n        <\/h2>\n\n\n\n<p>Dauer der Speicherung technischer Daten: Technische Daten werden nur so lange gespeichert, wie es f\u00fcr die Erf\u00fcllung der oben genannten Zwecke unbedingt erforderlich ist.\n        <\/p>\n\n\n\n<h2 class=\"wp-block-heading\">10- Aufbewahrungsfrist f\u00fcr personenbezogene Daten und Anonymisierungsfrist\n        <\/h2>\n\n\n\n<p>Aufbewahrung der Daten w\u00e4hrend der Dauer des Vertragsverh\u00e4ltnisses: Gem\u00e4\u00df Artikel 6-5\u00b0 des Gesetzes Nr. 78-17 vom 6. Januar 1978 \u00fcber Informatik, Dateien und Freiheiten (franz\u00f6sisches Datenschutzgesetz) werden personenbezogene Daten, die Gegenstand einer Verarbeitung sind, nicht l\u00e4nger aufbewahrt als es f\u00fcr die Erf\u00fcllung der bei Vertragsabschluss festgelegten Verpflichtungen erforderlich ist oder als die vordefinierte Dauer des Vertragsverh\u00e4ltnisses.\n         Aufbewahrung anonymisierter Daten \u00fcber das Vertragsverh\u00e4ltnis hinaus\/nach L\u00f6schung des Kontos: Wir speichern personenbezogene Daten nur so lange, wie es f\u00fcr die in diesen Datenschutzrichtlinien beschriebenen Zwecke unbedingt erforderlich ist.\n         Nach Ablauf dieser Zeit werden sie anonymisiert und ausschlie\u00dflich zu statistischen Zwecken aufbewahrt und nicht in irgendeiner Form ausgewertet.\n         L\u00f6schung der Daten nach L\u00f6schung des Kontos: Es werden Mittel zur Bereinigung der Daten eingesetzt, um ihre effektive L\u00f6schung vorzusehen, sobald die f\u00fcr die Erf\u00fcllung der festgelegten oder vorgeschriebenen Zwecke erforderliche Aufbewahrungs- oder Archivierungsdauer erreicht ist.\n         Gem\u00e4\u00df dem Gesetz Nr. 78-17 vom 6. Januar 1978 \u00fcber Informatik, Dateien und Freiheiten haben Sie au\u00dferdem ein Recht auf L\u00f6schung Ihrer Daten, das Sie jederzeit aus\u00fcben k\u00f6nnen, indem Sie sich an den Herausgeber wenden.\n         Datenl\u00f6schung nach drei Jahren Inaktivit\u00e4t: Aus Sicherheitsgr\u00fcnden erhalten Sie, wenn Sie sich drei Jahre lang nicht auf der Website authentifiziert haben, eine E-Mail, in der Sie aufgefordert werden, sich so bald wie m\u00f6glich anzumelden. Andernfalls werden Ihre Daten aus unseren Datenbanken gel\u00f6scht.\n        <\/p>\n\n\n\n<h2 class=\"wp-block-heading\">11- L\u00f6schen des Kontos\n        <\/h2>\n\n\n\n<p>L\u00f6schung des Kontos auf Antrag\n        <\/p>\n\n\n\n<p>Der Nutzer hat die M\u00f6glichkeit, sein Konto jederzeit zu l\u00f6schen, entweder durch eine einfache Anfrage an den Herausgeber ODER durch das Men\u00fc zur L\u00f6schung des Kontos, das gegebenenfalls in den Einstellungen des Kontos vorhanden ist.\n         Bei einem Versto\u00df gegen eine oder mehrere Bestimmungen der Datenschutzrichtlinie oder eines anderen Dokuments, das hier durch Verweis aufgenommen wurde, beh\u00e4lt sich der Herausgeber das Recht vor, Ihre Nutzung und Ihren Zugang zu den Dienstleistungen, Ihrem Konto und allen Websites ohne vorherige Ank\u00fcndigung und nach eigenem Ermessen zu beenden oder einzuschr\u00e4nken.\n        <\/p>\n\n\n\n<h2 class=\"wp-block-heading\">12- Hinweise im Falle einer vom Herausgeber entdeckten Sicherheitsl\u00fccke\n        <\/h2>\n\n\n\n<p>Information des Nutzers im Falle einer Sicherheitsl\u00fccke\n        <\/p>\n\n\n\n<p>Wir verpflichten uns, alle geeigneten technischen und organisatorischen Ma\u00dfnahmen zu ergreifen, um ein Sicherheitsniveau zu gew\u00e4hrleisten, das dem Risiko eines zuf\u00e4lligen, nicht autorisierten oder illegalen Zugriffs, einer Offenlegung, \u00c4nderung, eines Verlusts oder einer Zerst\u00f6rung Ihrer personenbezogenen Daten angemessen ist.\n         Falls wir Kenntnis von einem unrechtm\u00e4\u00dfigen Zugriff auf Ihre personenbezogenen Daten, die auf unseren Servern oder den Servern unserer Dienstleister gespeichert sind, oder von einem unberechtigten Zugriff erhalten, der zur Verwirklichung der oben genannten Risiken f\u00fchrt, verpflichten wir uns dazu: Sie so schnell wie m\u00f6glich \u00fcber den Vorfall zu informieren; die Ursachen des Vorfalls zu untersuchen und Sie dar\u00fcber zu informieren; angemessene Ma\u00dfnahmen zu ergreifen, um die negativen Auswirkungen und Sch\u00e4den, die sich aus dem Vorfall ergeben k\u00f6nnen, zu minimieren.\n         Haftungsbeschr\u00e4nkung: In keinem Fall d\u00fcrfen die im obigen Abschnitt definierten Verpflichtungen zur Meldung von Sicherheitsverletzungen als Anerkennung eines Fehlers oder einer Verantwortung f\u00fcr das Auftreten des betreffenden Vorfalls angesehen werden.\n        <\/p>\n\n\n\n<h2 class=\"wp-block-heading\">13- Weitergabe von pers\u00f6nlichen Daten ins Ausland\n        <\/h2>\n\n\n\n<p>Keine Weitergabe au\u00dferhalb der Europ\u00e4ischen Union\n        <\/p>\n\n\n\n<p>Der Herausgeber verpflichtet sich, die personenbezogenen Daten seiner Nutzer nicht au\u00dferhalb der Europ\u00e4ischen Union weiterzugeben.\n         https:\/\/www.cnil.fr\/fr\/la-protection-des-donnees-dans-le-mondehttps:\/\/www.cnil.fr\/fr\/la-protection- des-donnees-dans-le-monde\n        <\/p>\n\n\n\n<h2 class=\"wp-block-heading\">14- \u00c4nderungen an der Datenschutzrichtlinie\n        <\/h2>\n\n\n\n<p>Verpflichtung, die Vertraulichkeit von Daten bei \u00c4nderungen an dieser Datenschutzrichtlinie nicht wesentlich zu verringern, ohne die betroffenen Personen vorher zu informieren: Wir verpflichten uns, Sie \u00fcber wesentliche \u00c4nderungen an dieser Datenschutzrichtlinie zu informieren und die Vertraulichkeit Ihrer Daten nicht wesentlich zu verringern, ohne Sie vorher zu informieren und Ihre Zustimmung einzuholen.\n        <\/p>\n\n\n\n<h2 class=\"wp-block-heading\">15- Anwendbares Recht und Rechtsmittel\n        <\/h2>\n\n\n\n<p>Anwendung des franz\u00f6sischen Rechts (CNIL-Gesetzgebung) und Zust\u00e4ndigkeit der Gerichte: Diese Datenschutzrichtlinie und Ihre Nutzung der Website unterliegen den Gesetzen Frankreichs, insbesondere dem Gesetz Nr. 78-17 vom 6. Januar 1978 \u00fcber Informatik, Dateien und Freiheitsrechte, und werden entsprechend ausgelegt.\n         Die Wahl des anwendbaren Rechts beeintr\u00e4chtigt nicht Ihre Rechte als Verbraucher gem\u00e4\u00df dem anwendbaren Recht Ihres Wohnortes.\n         Wenn Sie ein Verbraucher sind, stimmen Sie und wir der nicht ausschlie\u00dflichen Zust\u00e4ndigkeit der franz\u00f6sischen Gerichte zu, was bedeutet, dass Sie eine Klage in Bezug auf diese Datenschutzrichtlinie in Frankreich oder in dem EU-Land, in dem Sie leben, einreichen k\u00f6nnen.\n         Wenn Sie ein Gewerbetreibender sind, m\u00fcssen alle Klagen gegen uns vor einem Gericht in Frankreich erhoben werden.\n         Im Falle einer Streitigkeit werden die Parteien vor der Einleitung gerichtlicher Schritte eine g\u00fctliche Einigung anstreben.\n         Sollten diese Versuche fehlschlagen, m\u00fcssen alle Streitigkeiten \u00fcber die G\u00fcltigkeit, Auslegung und\/oder Durchsetzung der Datenschutzrichtlinie vor den franz\u00f6sischen Gerichten ausgetragen werden, auch im Falle mehrerer Beklagter oder einer Streitverk\u00fcndung.\n        <\/p>\n\n\n\n<h2 class=\"wp-block-heading\">16- \u00dcbertragbarkeit von Daten\n        <\/h2>\n\n\n\n<p>\u00dcbertragbarkeit von Daten\n        <\/p>\n\n\n\n<p>Der Herausgeber verpflichtet sich, Ihnen die M\u00f6glichkeit zu bieten, sich auf einfache Anfrage alle Sie betreffenden Daten zur\u00fcckgeben zu lassen.\n         Dem Nutzer wird so eine bessere Kontrolle \u00fcber seine Daten garantiert, und er beh\u00e4lt die M\u00f6glichkeit, sie wiederzuverwenden.\n         Diese Daten m\u00fcssen in einem offenen und leicht wiederverwendbaren Format bereitgestellt werden.\n        <\/p>\n<\/div><\/div><\/div><\/div><\/div>\n","protected":false},"excerpt":{"rendered":"","protected":false},"author":1,"featured_media":0,"parent":0,"menu_order":0,"comment_status":"closed","ping_status":"closed","template":"","meta":{"footnotes":""},"class_list":["post-825","page","type-page","status-publish","hentry"],"yoast_head":"<!-- This site is optimized with the Yoast SEO plugin v22.9 - https:\/\/yoast.com\/wordpress\/plugins\/seo\/ -->\n<title>Datenschutzrichtlinie - EasyFlat<\/title>\n<meta name=\"robots\" content=\"index, follow, max-snippet:-1, max-image-preview:large, max-video-preview:-1\" \/>\n<link rel=\"canonical\" href=\"https:\/\/easyflat-1892.com\/politique-de-confidentialite\/\" \/>\n<meta property=\"og:locale\" content=\"de_DE\" \/>\n<meta property=\"og:type\" content=\"article\" \/>\n<meta property=\"og:title\" content=\"Datenschutzrichtlinie - EasyFlat\" \/>\n<meta property=\"og:url\" content=\"https:\/\/easyflat-1892.com\/politique-de-confidentialite\/\" \/>\n<meta property=\"og:site_name\" content=\"EasyFlat\" \/>\n<meta property=\"article:modified_time\" content=\"2024-03-22T14:04:40+00:00\" \/>\n<meta property=\"og:image\" content=\"https:\/\/easyflat-1892.com\/wp-content\/uploads\/2024\/02\/fond-case.jpeg\" \/>\n<meta name=\"twitter:card\" content=\"summary_large_image\" \/>\n<meta name=\"twitter:label1\" content=\"Gesch\u00e4tzte Lesezeit\" \/>\n\t<meta name=\"twitter:data1\" content=\"8\u00a0Minuten\" \/>\n<script type=\"application\/ld+json\" class=\"yoast-schema-graph\">{\"@context\":\"https:\/\/schema.org\",\"@graph\":[{\"@type\":\"WebPage\",\"@id\":\"https:\/\/easyflat-1892.com\/politique-de-confidentialite\/\",\"url\":\"https:\/\/easyflat-1892.com\/politique-de-confidentialite\/\",\"name\":\"Datenschutzrichtlinie - EasyFlat\",\"isPartOf\":{\"@id\":\"https:\/\/easyflat-1892.com\/#website\"},\"primaryImageOfPage\":{\"@id\":\"https:\/\/easyflat-1892.com\/politique-de-confidentialite\/#primaryimage\"},\"image\":{\"@id\":\"https:\/\/easyflat-1892.com\/politique-de-confidentialite\/#primaryimage\"},\"thumbnailUrl\":\"https:\/\/easyflat-1892.com\/wp-content\/uploads\/2024\/02\/fond-case.jpeg\",\"datePublished\":\"2023-12-21T08:43:27+00:00\",\"dateModified\":\"2024-03-22T14:04:40+00:00\",\"breadcrumb\":{\"@id\":\"https:\/\/easyflat-1892.com\/politique-de-confidentialite\/#breadcrumb\"},\"inLanguage\":\"de\",\"potentialAction\":[{\"@type\":\"ReadAction\",\"target\":[\"https:\/\/easyflat-1892.com\/politique-de-confidentialite\/\"]}]},{\"@type\":\"ImageObject\",\"inLanguage\":\"de\",\"@id\":\"https:\/\/easyflat-1892.com\/politique-de-confidentialite\/#primaryimage\",\"url\":\"https:\/\/easyflat-1892.com\/wp-content\/uploads\/2024\/02\/fond-case.jpeg\",\"contentUrl\":\"https:\/\/easyflat-1892.com\/wp-content\/uploads\/2024\/02\/fond-case.jpeg\"},{\"@type\":\"BreadcrumbList\",\"@id\":\"https:\/\/easyflat-1892.com\/politique-de-confidentialite\/#breadcrumb\",\"itemListElement\":[{\"@type\":\"ListItem\",\"position\":1,\"name\":\"Accueil\",\"item\":\"https:\/\/easyflat-1892.com\/de\/\"},{\"@type\":\"ListItem\",\"position\":2,\"name\":\"Datenschutzrichtlinie\"}]},{\"@type\":\"WebSite\",\"@id\":\"https:\/\/easyflat-1892.com\/#website\",\"url\":\"https:\/\/easyflat-1892.com\/\",\"name\":\"EasyFlat\",\"description\":\"\",\"potentialAction\":[{\"@type\":\"SearchAction\",\"target\":{\"@type\":\"EntryPoint\",\"urlTemplate\":\"https:\/\/easyflat-1892.com\/?s={search_term_string}\"},\"query-input\":\"required name=search_term_string\"}],\"inLanguage\":\"de\"}]}<\/script>\n<!-- \/ Yoast SEO plugin. -->","yoast_head_json":{"title":"Datenschutzrichtlinie - EasyFlat","robots":{"index":"index","follow":"follow","max-snippet":"max-snippet:-1","max-image-preview":"max-image-preview:large","max-video-preview":"max-video-preview:-1"},"canonical":"https:\/\/easyflat-1892.com\/politique-de-confidentialite\/","og_locale":"de_DE","og_type":"article","og_title":"Datenschutzrichtlinie - EasyFlat","og_url":"https:\/\/easyflat-1892.com\/politique-de-confidentialite\/","og_site_name":"EasyFlat","article_modified_time":"2024-03-22T14:04:40+00:00","og_image":[{"url":"https:\/\/easyflat-1892.com\/wp-content\/uploads\/2024\/02\/fond-case.jpeg"}],"twitter_card":"summary_large_image","twitter_misc":{"Gesch\u00e4tzte Lesezeit":"8\u00a0Minuten"},"schema":{"@context":"https:\/\/schema.org","@graph":[{"@type":"WebPage","@id":"https:\/\/easyflat-1892.com\/politique-de-confidentialite\/","url":"https:\/\/easyflat-1892.com\/politique-de-confidentialite\/","name":"Datenschutzrichtlinie - EasyFlat","isPartOf":{"@id":"https:\/\/easyflat-1892.com\/#website"},"primaryImageOfPage":{"@id":"https:\/\/easyflat-1892.com\/politique-de-confidentialite\/#primaryimage"},"image":{"@id":"https:\/\/easyflat-1892.com\/politique-de-confidentialite\/#primaryimage"},"thumbnailUrl":"https:\/\/easyflat-1892.com\/wp-content\/uploads\/2024\/02\/fond-case.jpeg","datePublished":"2023-12-21T08:43:27+00:00","dateModified":"2024-03-22T14:04:40+00:00","breadcrumb":{"@id":"https:\/\/easyflat-1892.com\/politique-de-confidentialite\/#breadcrumb"},"inLanguage":"de","potentialAction":[{"@type":"ReadAction","target":["https:\/\/easyflat-1892.com\/politique-de-confidentialite\/"]}]},{"@type":"ImageObject","inLanguage":"de","@id":"https:\/\/easyflat-1892.com\/politique-de-confidentialite\/#primaryimage","url":"https:\/\/easyflat-1892.com\/wp-content\/uploads\/2024\/02\/fond-case.jpeg","contentUrl":"https:\/\/easyflat-1892.com\/wp-content\/uploads\/2024\/02\/fond-case.jpeg"},{"@type":"BreadcrumbList","@id":"https:\/\/easyflat-1892.com\/politique-de-confidentialite\/#breadcrumb","itemListElement":[{"@type":"ListItem","position":1,"name":"Accueil","item":"https:\/\/easyflat-1892.com\/de\/"},{"@type":"ListItem","position":2,"name":"Datenschutzrichtlinie"}]},{"@type":"WebSite","@id":"https:\/\/easyflat-1892.com\/#website","url":"https:\/\/easyflat-1892.com\/","name":"EasyFlat","description":"","potentialAction":[{"@type":"SearchAction","target":{"@type":"EntryPoint","urlTemplate":"https:\/\/easyflat-1892.com\/?s={search_term_string}"},"query-input":"required name=search_term_string"}],"inLanguage":"de"}]}},"_links":{"self":[{"href":"https:\/\/easyflat-1892.com\/de\/wp-json\/wp\/v2\/pages\/825","targetHints":{"allow":["GET"]}}],"collection":[{"href":"https:\/\/easyflat-1892.com\/de\/wp-json\/wp\/v2\/pages"}],"about":[{"href":"https:\/\/easyflat-1892.com\/de\/wp-json\/wp\/v2\/types\/page"}],"author":[{"embeddable":true,"href":"https:\/\/easyflat-1892.com\/de\/wp-json\/wp\/v2\/users\/1"}],"replies":[{"embeddable":true,"href":"https:\/\/easyflat-1892.com\/de\/wp-json\/wp\/v2\/comments?post=825"}],"version-history":[{"count":1,"href":"https:\/\/easyflat-1892.com\/de\/wp-json\/wp\/v2\/pages\/825\/revisions"}],"predecessor-version":[{"id":826,"href":"https:\/\/easyflat-1892.com\/de\/wp-json\/wp\/v2\/pages\/825\/revisions\/826"}],"wp:attachment":[{"href":"https:\/\/easyflat-1892.com\/de\/wp-json\/wp\/v2\/media?parent=825"}],"curies":[{"name":"wp","href":"https:\/\/api.w.org\/{rel}","templated":true}]}}