{"id":807,"date":"2024-02-29T10:41:04","date_gmt":"2024-02-29T09:41:04","guid":{"rendered":"https:\/\/easyflat-1892.com\/allgemeine-geschaeftsbedingungen\/"},"modified":"2024-03-22T15:04:09","modified_gmt":"2024-03-22T14:04:09","slug":"allgemeine-geschaeftsbedingungen","status":"publish","type":"page","link":"https:\/\/easyflat-1892.com\/de\/allgemeine-geschaeftsbedingungen\/","title":{"rendered":"Allgemeine Gesch\u00e4ftsbedingungen"},"content":{"rendered":"\n<div class=\"wp-block-getwid-section getwid-section-content-custom-width\"><div class=\"wp-block-getwid-section__wrapper\" style=\"min-height:90vh\"><div class=\"wp-block-getwid-section__inner-wrapper\" style=\"max-width:1000px\"><div class=\"wp-block-getwid-section__background-holder\"><div class=\"wp-block-getwid-section__background has-background has-purple-background-color\" style=\"background-image:url('https:\/\/easyflat-1892.com\/wp-content\/uploads\/2024\/02\/fond-case.jpeg')\"><div class=\"wp-block-getwid-section__background-image-wrapper\"><img decoding=\"async\" class=\"wp-block-getwid-section__background-image\" src=\"https:\/\/easyflat-1892.com\/wp-content\/uploads\/2024\/02\/fond-case.jpeg\" alt=\"\"\/><\/div><\/div><div class=\"wp-block-getwid-section__foreground\" style=\"opacity:0.75;background-color:#342b7d\"><\/div><\/div><div class=\"wp-block-getwid-section__content\"><div class=\"wp-block-getwid-section__inner-content\">\n<h1 class=\"wp-block-heading has-text-align-center has-white-color has-text-color has-link-color wp-elements-c449753d743382aae1d0de2542824075\" style=\"text-transform:uppercase\">Allgemeine Gesch\u00e4ftsbedingungen\n        <\/h1>\n<\/div><\/div><\/div><\/div><\/div>\n\n<div class=\"wp-block-getwid-section\"><div class=\"wp-block-getwid-section__wrapper\"><div class=\"wp-block-getwid-section__inner-wrapper\"><div class=\"wp-block-getwid-section__background-holder\"><div class=\"wp-block-getwid-section__background\"><\/div><div class=\"wp-block-getwid-section__foreground\"><\/div><\/div><div class=\"wp-block-getwid-section__content\"><div class=\"wp-block-getwid-section__inner-content\">\n<h2 class=\"wp-block-heading\"><strong>1. Geltungsbereich\n         <\/strong><\/h2>\n\n\n\n<p>Die vorliegenden Allgemeinen Gesch\u00e4ftsbedingungen gelten ausschlie\u00dflich f\u00fcr alle Angebote oder Bestellungen von Produkten und Dienstleistungen, die von der Firma EASYFLAT vermarktet werden.\n         Die Aufgabe einer Bestellung von Produkten oder Dienstleistungen der Firma EASYFLAT durch einen Kunden oder H\u00e4ndler f\u00fchrt zur vorbehaltlosen Zustimmung des Letzteren zu den vorliegenden Allgemeinen Gesch\u00e4ftsbedingungen.\n        <\/p>\n\n\n\n<h2 class=\"wp-block-heading\"><strong>2. Bestellungen\n         <\/strong><\/h2>\n\n\n\n<p>Die eingegangenen Bestellungen sind erst dann endg\u00fcltig, wenn sie von der Firma EASYFLAT schriftlich angenommen wurden und der Kunde oder H\u00e4ndler den Gesamtbetrag aller in der Bestellung vorgesehenen Betr\u00e4ge gezahlt hat.\n         Von H\u00e4ndlern eingegangene Bestellungen sind f\u00fcr die Firma EASYFLAT erst nach schriftlicher Best\u00e4tigung durch sie bindend.\n        <\/p>\n\n\n\n<p>Jede quantitative oder qualitative \u00c4nderung einer Bestellung kann nur nach schriftlicher Zustimmung der Firma EASYFLAT erfolgen.\n        <\/p>\n\n\n\n<p>Eine Stornierung der Bestellung kann nur mit schriftlicher Zustimmung der Firma EASYFLAT akzeptiert werden.\n        <\/p>\n\n\n\n<p>Im Falle einer Verz\u00f6gerung beim Empfang von Material muss der Kunde die Firma EASYFLAT mindestens 15 Tage vor dem geplanten Lieferdatum benachrichtigen und wird f\u00fcr alle daraus resultierenden Mehrkosten aufkommen.\n        <\/p>\n\n\n\n<p>Die Firma EASYFLAT kann eine Bestellung ganz oder teilweise ablehnen, wenn sie ihre Produktionskapazit\u00e4ten \u00fcbersteigt und\/oder sie daran hindert, die Anfragen aller ihrer anderen Kunden zu befriedigen, ohne dass sie deswegen haftbar gemacht werden kann.\n        <\/p>\n\n\n\n<p>Die Firma EASYFLAT beh\u00e4lt sich weiterhin das Recht vor, eine oder mehrere Bestellungen nicht anzunehmen, wenn sie der Meinung ist, dass die Bonit\u00e4tsgarantien des Kunden auf eine teilweise oder vollst\u00e4ndige Nichtbezahlung schlie\u00dfen lassen und\/oder wenn die Bestellung von einem Kunden stammt, mit dem sie einen oder mehrere Zahlungsvorf\u00e4lle hatte.\n        <\/p>\n\n\n\n<p>Der Kunde verpflichtet sich, mit der Bestellung alle genauen und vollst\u00e4ndigen Informationen und Dokumente (Art der Anwendungen, Pl\u00e4ne, &#8230;) zu liefern, die f\u00fcr die Ausf\u00fchrung der bestellten Leistung erforderlich sind.\n        <\/p>\n\n\n\n<h2 class=\"wp-block-heading\"><strong>3. Lieferung\n        <\/strong><\/h2>\n\n\n\n<p>Die Lieferung erfolgt entweder durch direkte \u00dcbergabe an den Kunden oder durch einfache Mitteilung der Bereitstellung oder durch \u00dcbergabe an einen vom Kunden benannten oder, in Ermangelung einer solchen Benennung, von der Firma EASYFLAT gew\u00e4hlten Spediteur im Werk der Firma EASYFLAT.\n        <\/p>\n\n\n\n<p>Die Fristen sind nur als Richtwerte zu verstehen.\n        <\/p>\n\n\n\n<p>Der K\u00e4ufer kann sich nicht auf eventuelle Verz\u00f6gerungen berufen, um die Bestellung zu stornieren und\/oder Schadensersatz zu fordern.\n        <\/p>\n\n\n\n<p>Alle Transport-, Versicherungs-, Zoll-, Umschlags- und Anlieferungsvorg\u00e4nge gehen zu Lasten und auf Kosten, Risiko und Gefahr des K\u00e4ufers, dem es obliegt, die Sendungen bei der Ankunft zu \u00fcberpr\u00fcfen und gegebenenfalls seine Regressanspr\u00fcche gegen die Transportunternehmen geltend zu machen, auch wenn die Sendung frachtfrei versandt wurde.\n         Im Falle des Versands durch den Verk\u00e4ufer erfolgt der Versand unfrei oder franko zu den niedrigsten Tarifen, vorbehaltlich einer ausdr\u00fccklichen Anforderung des K\u00e4ufers, und in jedem Fall unter der vollen Verantwortung des K\u00e4ufers.\n        <\/p>\n\n\n\n<p>Das Entladen der Produkte am Lieferort erfolgt ausschlie\u00dflich unter der Verantwortung des K\u00e4ufers und mit seinen eigenen Bef\u00f6rderungsmitteln.\n        <\/p>\n\n\n\n<p>Der K\u00e4ufer verpflichtet sich, die Produkte an dem von der Firma EASYFLAT angegebenen Ort und Datum in Empfang zu nehmen.\n         Sollte er dies nicht tun, so gilt die Lieferung mit allen ihren Wirkungen als zu diesem Zeitpunkt erfolgt.\n        <\/p>\n\n\n\n<p>Der Verk\u00e4ufer ist von Rechts wegen von allen Verpflichtungen in Bezug auf die Lieferfristen befreit, wenn die Zahlungsbedingungen vom K\u00e4ufer nicht eingehalten wurden oder wenn ein Fall h\u00f6herer Gewalt oder Ereignisse wie Aussperrung, Streik, Epidemie, Krieg, Beschlagnahme, Brand, \u00dcberschwemmung, Werkzeugunf\u00e4lle, Ausschuss wichtiger Teile w\u00e4hrend der Herstellung, Unterbrechung oder Verz\u00f6gerung des Transports oder jeder andere Grund vorliegt, der zu vollst\u00e4ndigem oder teilweisem Arbeitsausfall beim Verk\u00e4ufer oder seinen Lieferanten f\u00fchrt.\n         Der Verk\u00e4ufer wird den K\u00e4ufer rechtzeitig \u00fcber solche F\u00e4lle oder Ereignisse auf dem Laufenden halten.\n         H\u00f6here Gewalt, die zu vollst\u00e4ndigem oder teilweisem Arbeitsausfall oder zur Desorganisation der Fabriken f\u00fchrt, aus denen die Produkte stammen, die Gegenstand der Bestellungen bei der Firma EASYFLAT sind, entbindet diese von der Verpflichtung, die Produkte zu liefern, deren Herstellung ausgesetzt ist.\n        <\/p>\n\n\n\n<p>Jeder Erhalt der Produkte vor dem Versand, wenn er bei der Bestellung vorgesehen wurde, f\u00fchrt zur vorbehaltlosen Annahme der betreffenden Produkte und l\u00f6st die Zahlung der in den Zahlungsbedingungen vorgesehenen Betr\u00e4ge aus.\n        <\/p>\n\n\n\n<h2 class=\"wp-block-heading\"><strong>4. Zahlungsbedingungen\n        <\/strong><\/h2>\n\n\n\n<p>Die Rechnung wird an dem Tag ausgestellt, an dem das Material zur Verf\u00fcgung gestellt wird.\n        <\/p>\n\n\n\n<p>Die Rechnungen sind an die Firma EASYFLAT gem\u00e4\u00df den in der Rechnung festgelegten Zahlungsbedingungen zu zahlen.\n        <\/p>\n\n\n\n<p>Wenn es keine besonderen vertraglichen Bestimmungen gibt, ist die Zahlung bei Erhalt der Rechnung f\u00e4llig.\n        <\/p>\n\n\n\n<p>Es wird kein Skonto f\u00fcr Barzahlung oder Vorauszahlung gew\u00e4hrt.\n        <\/p>\n\n\n\n<p>Anzahlungen sind immer in bar zu leisten.\n        <\/p>\n\n\n\n<p>Die Zahlungsfristen d\u00fcrfen aus keinem Grund verz\u00f6gert werden, auch nicht im Falle eines Rechtsstreits.\n         Es wird ausdr\u00fccklich vereinbart, dass Funktionsst\u00f6rungen oder Reparaturen, die das Produkt m\u00f6glicherweise erfordert, in keinem Fall einen Grund f\u00fcr eine Nichtzahlung oder eine versp\u00e4tete Zahlung der vom K\u00e4ufer geschuldeten Betr\u00e4ge darstellen k\u00f6nnen.\n        <\/p>\n\n\n\n<p>Im Falle einer aufgeschobenen Zahlung oder einer Terminzahlung gilt als Zahlung im Sinne dieser Klausel nicht die blo\u00dfe \u00dcbergabe eines Wechsels oder eines Schecks, die eine Zahlungsverpflichtung impliziert, sondern die tats\u00e4chliche Zahlung zum vereinbarten F\u00e4lligkeitstermin.\n        <\/p>\n\n\n\n<p>Der Vertrag wird von Rechts wegen aufgel\u00f6st, wenn eine der beiden Parteien ihren Verpflichtungen nicht innerhalb von acht Tagen nach einer Mahnung per Einschreiben mit R\u00fcckschein nachkommt.\n        <\/p>\n\n\n\n<p>Bei versp\u00e4teter Zahlung zu den festgelegten Terminen werden auf die geschuldeten Betr\u00e4ge von Rechts wegen Zinsen auf Grundlage des um 3 Punkte erh\u00f6hten Zinssatzes f\u00fcr Vorsch\u00fcsse der Banque de France erhoben, wobei die F\u00e4lligkeit der Schuld durch diese Klausel unbeschadet bleibt.\n        <\/p>\n\n\n\n<p>Pauschale f\u00fcr Einziehungskosten bei Zahlungsverzug: 40 Euro.\n        <\/p>\n\n\n\n<h2 class=\"wp-block-heading\"><strong>5. Eigentumsvorbehalte\n         <\/strong><\/h2>\n\n\n\n<p>Gem\u00e4\u00df dem franz\u00f6sischen Gesetz Nr. 80.335 vom 12. Mai 1980 bleibt das Unternehmen EASYFLAT bis zur vollst\u00e4ndigen Bezahlung des Preises Eigent\u00fcmer der gelieferten Waren.\n        <\/p>\n\n\n\n<p>Der K\u00e4ufer \u00fcbernimmt jedoch ab dem Zeitpunkt der Lieferung das Risiko des Verlustes oder der Besch\u00e4digung dieser Waren sowie die Haftung f\u00fcr Sch\u00e4den, die sie verursachen k\u00f6nnten.\n        <\/p>\n\n\n\n<p>Die Nichtzahlung bei F\u00e4lligkeit kann zur R\u00fcckforderung der Waren f\u00fchren.\n         Die geleisteten Anzahlungen verbleiben als Entsch\u00e4digung beim Verk\u00e4ufer.\n        <\/p>\n\n\n\n<h2 class=\"wp-block-heading\"><strong>6. Garantie\n        <\/strong><\/h2>\n\n\n\n<p>Der Verk\u00e4ufer garantiert, dass die von ihm gelieferten und verkauften Teile und Waren frei von Herstellungsfehlern sind.\n         Die Garantie des Verk\u00e4ufers ist strikt auf seine Lieferungen beschr\u00e4nkt.\n         Der Verk\u00e4ufer verpflichtet sich, jedes defekte Teil oder jede defekte Ware auf seine Kosten in seinen Werkst\u00e4tten zu ersetzen.\n        <\/p>\n\n\n\n<p>Vorbehaltlich besonderer Vertragsbedingungen, betr\u00e4gt die normale Garantiezeit 12 Monate.\n         Im Falle eines Garantiekonflikts sind nur die besonderen Vertragsbedingungen f\u00fcr die Garantie zul\u00e4ssig und werden ber\u00fccksichtigt.\n        <\/p>\n\n\n\n<p>Voraussetzung f\u00fcr die Inanspruchnahme der Garantie ist ein ausdr\u00fccklicher schriftlicher Antrag des Kunden, der innerhalb der Garantiefrist gestellt werden muss, und die frachtfreie R\u00fccksendung der defekten Lieferung.\n        <\/p>\n\n\n\n<p>Die Garantie deckt keine Arbeitskosten (au\u00dfer bei besonderen Vereinbarungen) und keine Kosten, die durch Demontage, Montage, Transport und Verpackung entstehen.\n        <\/p>\n\n\n\n<p>Die Garantie ist ausgeschlossen f\u00fcr Sch\u00e4den, die durch h\u00f6here Gewalt, normalen Verschlei\u00df, unsachgem\u00e4\u00dfen Gebrauch entstehen, sowie f\u00fcr alle Sch\u00e4den, die durch Unf\u00e4lle, Fahrl\u00e4ssigkeit, falsche Montage, Reparaturen durch den Kunden oder Dritte oder durch Lagerbedingungen entstehen, die mit der Art der Produkte nicht vereinbar sind, oder wenn die in den Anweisungen des Herstellers enthaltenen Installationsbedingungen nicht eingehalten oder nicht fachgerecht umgesetzt wurden.\n        <\/p>\n\n\n\n<p>Die Firma EASYFLAT kann nicht f\u00fcr Unf\u00e4lle oder Zwischenf\u00e4lle haftbar gemacht werden, die auf einen Montagefehler oder die falsche Verwendung ihrer Produkte zur\u00fcckzuf\u00fchren sind.\n        <\/p>\n\n\n\n<h2 class=\"wp-block-heading\"><strong>7. Rechte an geistigem Eigentum\n         <\/strong><\/h2>\n\n\n\n<p>Die Firma EASYFLAT beh\u00e4lt alle geistigen Eigentumsrechte an ihren Verfahren, Projekten, Studien und Dokumenten jeglicher Art vollst\u00e4ndig bei.\n         Der Kunde verpflichtet sich, alle Rechte des geistigen Eigentums der Firma EASYFLAT zu respektieren, von denen er erkl\u00e4rt, sie zur Kenntnis genommen zu haben.\n         Der Kunde darf keine Patente, Marken, Muster und Modelle oder andere gewerbliche Eigentumsrechte, deren Inhaber oder Lizenznehmer die Firma EASYFLAT ist, ganz oder teilweise reproduzieren oder reproduzieren lassen und\/oder Informationen jeglicher Art, die die vollst\u00e4ndige oder teilweise Wiedergabe dieser Rechte erm\u00f6glichen, an Dritte weitergeben.\n        <\/p>\n\n\n\n<h2 class=\"wp-block-heading\"><strong>8. Geheimhaltung\n        <\/strong><\/h2>\n\n\n\n<p>Ohne dass diese Liste einschr\u00e4nkend ist, verpflichtet sich der Kunde, alle kommerziellen, technischen, finanziellen oder rechtlichen Informationen, die sich auf die Firma EASYFLAT beziehen und von denen er w\u00e4hrend der Vorstudien oder der Ausf\u00fchrung des Kaufvertrags Kenntnis erlangen k\u00f6nnte, als streng vertraulich zu betrachten.\n         Die Nichteinhaltung dieser Klausel kann zur Beendigung der Gesch\u00e4ftsbeziehungen f\u00fchren, und zwar unbeschadet jeglicher Schadensersatzanspr\u00fcche.\n        <\/p>\n\n\n\n<h2 class=\"wp-block-heading\"><strong>9. Verschiedene Bestimmungen\n        <\/strong><\/h2>\n\n\n\n<p>Die Tatsache, dass sich die Firma EASYFLAT zu einem bestimmten Zeitpunkt nicht auf eine der Bestimmungen der vorliegenden Allgemeinen Gesch\u00e4ftsbedingungen beruft, kann nicht als Verzicht auf die sp\u00e4tere Geltendmachung dieser Bedingungen ausgelegt werden.\n        <\/p>\n\n\n\n<p>F\u00fcr alle Elemente, die in den vorliegenden Allgemeinen Gesch\u00e4ftsbedingungen nicht ber\u00fccksichtigt werden, gelten die Allgemeinen \u00fcbergewerkschaftlichen Gesch\u00e4ftsbedingungen der F\u00e9d\u00e9ration des Industries M\u00e9caniques et Transformatrices des M\u00e9taux (Verband der mechanischen und metallverarbeitenden Industrie)\n        <\/p>\n\n\n\n<h2 class=\"wp-block-heading\"><strong>10. Gerichtsstand &#8211; Anwendbares Recht\n        <\/strong><\/h2>\n\n\n\n<p>Es wird ausdr\u00fccklich vereinbart, dass f\u00fcr alle Streitigkeiten zwischen den Parteien, unabh\u00e4ngig von ihrem Ursprung und ihrer Art, auch im Falle mehrerer Beklagter, <strong>ausschlie\u00dflich das Gericht von Lyon zust\u00e4ndig ist<\/strong>.\n        <\/p>\n\n\n\n<p><strong>Die gesamte Beziehung zwischen den Parteien wird ausschlie\u00dflich nach franz\u00f6sischem Recht verwaltet<\/strong>.\n         Im Falle einer \u00dcbersetzung der vorliegenden Bestimmungen in eine andere Sprache gilt nur der in Franz\u00f6sisch verfasste Text als verbindlich.\n        <\/p>\n\n\n\n<p>Diese Gesch\u00e4ftsbedingungen treten am 1.<sup> <\/sup>April 2008 in Kraft.\n        <\/p>\n<\/div><\/div><\/div><\/div><\/div>\n","protected":false},"excerpt":{"rendered":"","protected":false},"author":1,"featured_media":0,"parent":0,"menu_order":0,"comment_status":"closed","ping_status":"closed","template":"","meta":{"footnotes":""},"class_list":["post-807","page","type-page","status-publish","hentry"],"yoast_head":"<!-- This site is optimized with the Yoast SEO plugin v22.9 - https:\/\/yoast.com\/wordpress\/plugins\/seo\/ -->\n<title>Allgemeine Gesch\u00e4ftsbedingungen - EasyFlat<\/title>\n<meta name=\"robots\" content=\"index, follow, max-snippet:-1, max-image-preview:large, max-video-preview:-1\" \/>\n<link rel=\"canonical\" href=\"https:\/\/easyflat-1892.com\/conditions-generales-de-vente\/\" \/>\n<meta property=\"og:locale\" content=\"de_DE\" \/>\n<meta property=\"og:type\" content=\"article\" \/>\n<meta property=\"og:title\" content=\"Allgemeine Gesch\u00e4ftsbedingungen - EasyFlat\" \/>\n<meta property=\"og:url\" content=\"https:\/\/easyflat-1892.com\/conditions-generales-de-vente\/\" \/>\n<meta property=\"og:site_name\" content=\"EasyFlat\" \/>\n<meta property=\"article:modified_time\" content=\"2024-03-22T14:04:09+00:00\" \/>\n<meta property=\"og:image\" content=\"https:\/\/easyflat-1892.com\/wp-content\/uploads\/2024\/02\/fond-case.jpeg\" \/>\n<meta name=\"twitter:card\" content=\"summary_large_image\" \/>\n<meta name=\"twitter:label1\" content=\"Gesch\u00e4tzte Lesezeit\" \/>\n\t<meta name=\"twitter:data1\" content=\"8\u00a0Minuten\" \/>\n<script type=\"application\/ld+json\" class=\"yoast-schema-graph\">{\"@context\":\"https:\/\/schema.org\",\"@graph\":[{\"@type\":\"WebPage\",\"@id\":\"https:\/\/easyflat-1892.com\/conditions-generales-de-vente\/\",\"url\":\"https:\/\/easyflat-1892.com\/conditions-generales-de-vente\/\",\"name\":\"Allgemeine Gesch\u00e4ftsbedingungen - EasyFlat\",\"isPartOf\":{\"@id\":\"https:\/\/easyflat-1892.com\/#website\"},\"primaryImageOfPage\":{\"@id\":\"https:\/\/easyflat-1892.com\/conditions-generales-de-vente\/#primaryimage\"},\"image\":{\"@id\":\"https:\/\/easyflat-1892.com\/conditions-generales-de-vente\/#primaryimage\"},\"thumbnailUrl\":\"https:\/\/easyflat-1892.com\/wp-content\/uploads\/2024\/02\/fond-case.jpeg\",\"datePublished\":\"2024-02-29T09:41:04+00:00\",\"dateModified\":\"2024-03-22T14:04:09+00:00\",\"breadcrumb\":{\"@id\":\"https:\/\/easyflat-1892.com\/conditions-generales-de-vente\/#breadcrumb\"},\"inLanguage\":\"de\",\"potentialAction\":[{\"@type\":\"ReadAction\",\"target\":[\"https:\/\/easyflat-1892.com\/conditions-generales-de-vente\/\"]}]},{\"@type\":\"ImageObject\",\"inLanguage\":\"de\",\"@id\":\"https:\/\/easyflat-1892.com\/conditions-generales-de-vente\/#primaryimage\",\"url\":\"https:\/\/easyflat-1892.com\/wp-content\/uploads\/2024\/02\/fond-case.jpeg\",\"contentUrl\":\"https:\/\/easyflat-1892.com\/wp-content\/uploads\/2024\/02\/fond-case.jpeg\"},{\"@type\":\"BreadcrumbList\",\"@id\":\"https:\/\/easyflat-1892.com\/conditions-generales-de-vente\/#breadcrumb\",\"itemListElement\":[{\"@type\":\"ListItem\",\"position\":1,\"name\":\"Accueil\",\"item\":\"https:\/\/easyflat-1892.com\/de\/\"},{\"@type\":\"ListItem\",\"position\":2,\"name\":\"Allgemeine Gesch\u00e4ftsbedingungen\"}]},{\"@type\":\"WebSite\",\"@id\":\"https:\/\/easyflat-1892.com\/#website\",\"url\":\"https:\/\/easyflat-1892.com\/\",\"name\":\"EasyFlat\",\"description\":\"\",\"potentialAction\":[{\"@type\":\"SearchAction\",\"target\":{\"@type\":\"EntryPoint\",\"urlTemplate\":\"https:\/\/easyflat-1892.com\/?s={search_term_string}\"},\"query-input\":\"required name=search_term_string\"}],\"inLanguage\":\"de\"}]}<\/script>\n<!-- \/ Yoast SEO plugin. -->","yoast_head_json":{"title":"Allgemeine Gesch\u00e4ftsbedingungen - EasyFlat","robots":{"index":"index","follow":"follow","max-snippet":"max-snippet:-1","max-image-preview":"max-image-preview:large","max-video-preview":"max-video-preview:-1"},"canonical":"https:\/\/easyflat-1892.com\/conditions-generales-de-vente\/","og_locale":"de_DE","og_type":"article","og_title":"Allgemeine Gesch\u00e4ftsbedingungen - EasyFlat","og_url":"https:\/\/easyflat-1892.com\/conditions-generales-de-vente\/","og_site_name":"EasyFlat","article_modified_time":"2024-03-22T14:04:09+00:00","og_image":[{"url":"https:\/\/easyflat-1892.com\/wp-content\/uploads\/2024\/02\/fond-case.jpeg"}],"twitter_card":"summary_large_image","twitter_misc":{"Gesch\u00e4tzte Lesezeit":"8\u00a0Minuten"},"schema":{"@context":"https:\/\/schema.org","@graph":[{"@type":"WebPage","@id":"https:\/\/easyflat-1892.com\/conditions-generales-de-vente\/","url":"https:\/\/easyflat-1892.com\/conditions-generales-de-vente\/","name":"Allgemeine Gesch\u00e4ftsbedingungen - EasyFlat","isPartOf":{"@id":"https:\/\/easyflat-1892.com\/#website"},"primaryImageOfPage":{"@id":"https:\/\/easyflat-1892.com\/conditions-generales-de-vente\/#primaryimage"},"image":{"@id":"https:\/\/easyflat-1892.com\/conditions-generales-de-vente\/#primaryimage"},"thumbnailUrl":"https:\/\/easyflat-1892.com\/wp-content\/uploads\/2024\/02\/fond-case.jpeg","datePublished":"2024-02-29T09:41:04+00:00","dateModified":"2024-03-22T14:04:09+00:00","breadcrumb":{"@id":"https:\/\/easyflat-1892.com\/conditions-generales-de-vente\/#breadcrumb"},"inLanguage":"de","potentialAction":[{"@type":"ReadAction","target":["https:\/\/easyflat-1892.com\/conditions-generales-de-vente\/"]}]},{"@type":"ImageObject","inLanguage":"de","@id":"https:\/\/easyflat-1892.com\/conditions-generales-de-vente\/#primaryimage","url":"https:\/\/easyflat-1892.com\/wp-content\/uploads\/2024\/02\/fond-case.jpeg","contentUrl":"https:\/\/easyflat-1892.com\/wp-content\/uploads\/2024\/02\/fond-case.jpeg"},{"@type":"BreadcrumbList","@id":"https:\/\/easyflat-1892.com\/conditions-generales-de-vente\/#breadcrumb","itemListElement":[{"@type":"ListItem","position":1,"name":"Accueil","item":"https:\/\/easyflat-1892.com\/de\/"},{"@type":"ListItem","position":2,"name":"Allgemeine Gesch\u00e4ftsbedingungen"}]},{"@type":"WebSite","@id":"https:\/\/easyflat-1892.com\/#website","url":"https:\/\/easyflat-1892.com\/","name":"EasyFlat","description":"","potentialAction":[{"@type":"SearchAction","target":{"@type":"EntryPoint","urlTemplate":"https:\/\/easyflat-1892.com\/?s={search_term_string}"},"query-input":"required name=search_term_string"}],"inLanguage":"de"}]}},"_links":{"self":[{"href":"https:\/\/easyflat-1892.com\/de\/wp-json\/wp\/v2\/pages\/807","targetHints":{"allow":["GET"]}}],"collection":[{"href":"https:\/\/easyflat-1892.com\/de\/wp-json\/wp\/v2\/pages"}],"about":[{"href":"https:\/\/easyflat-1892.com\/de\/wp-json\/wp\/v2\/types\/page"}],"author":[{"embeddable":true,"href":"https:\/\/easyflat-1892.com\/de\/wp-json\/wp\/v2\/users\/1"}],"replies":[{"embeddable":true,"href":"https:\/\/easyflat-1892.com\/de\/wp-json\/wp\/v2\/comments?post=807"}],"version-history":[{"count":1,"href":"https:\/\/easyflat-1892.com\/de\/wp-json\/wp\/v2\/pages\/807\/revisions"}],"predecessor-version":[{"id":809,"href":"https:\/\/easyflat-1892.com\/de\/wp-json\/wp\/v2\/pages\/807\/revisions\/809"}],"wp:attachment":[{"href":"https:\/\/easyflat-1892.com\/de\/wp-json\/wp\/v2\/media?parent=807"}],"curies":[{"name":"wp","href":"https:\/\/api.w.org\/{rel}","templated":true}]}}