{"id":806,"date":"2024-02-27T11:41:52","date_gmt":"2024-02-27T10:41:52","guid":{"rendered":"https:\/\/easyflat-1892.com\/impressum\/"},"modified":"2024-03-22T15:04:06","modified_gmt":"2024-03-22T14:04:06","slug":"impressum","status":"publish","type":"page","link":"https:\/\/easyflat-1892.com\/de\/impressum\/","title":{"rendered":"Impressum"},"content":{"rendered":"\n<div class=\"wp-block-getwid-section getwid-section-content-custom-width\"><div class=\"wp-block-getwid-section__wrapper\" style=\"min-height:90vh\"><div class=\"wp-block-getwid-section__inner-wrapper\" style=\"max-width:1000px\"><div class=\"wp-block-getwid-section__background-holder\"><div class=\"wp-block-getwid-section__background\" style=\"background-image:url('https:\/\/easyflat-1892.com\/wp-content\/uploads\/2024\/02\/fond-case.jpeg')\"><div class=\"wp-block-getwid-section__background-image-wrapper\"><img decoding=\"async\" class=\"wp-block-getwid-section__background-image\" src=\"https:\/\/easyflat-1892.com\/wp-content\/uploads\/2024\/02\/fond-case.jpeg\" alt=\"\"\/><\/div><\/div><div class=\"wp-block-getwid-section__foreground\" style=\"opacity:0.75;background-color:#342b7d\"><\/div><\/div><div class=\"wp-block-getwid-section__content\"><div class=\"wp-block-getwid-section__inner-content\">\n<h1 class=\"wp-block-heading has-text-align-center has-white-color has-text-color has-link-color wp-elements-64aad92d365374f2fc2af485f6143efd\">Impressum\n        <\/h1>\n<\/div><\/div><\/div><\/div><\/div>\n\n<div class=\"wp-block-getwid-section\"><div class=\"wp-block-getwid-section__wrapper\"><div class=\"wp-block-getwid-section__inner-wrapper\"><div class=\"wp-block-getwid-section__background-holder\"><div class=\"wp-block-getwid-section__background\"><\/div><div class=\"wp-block-getwid-section__foreground\"><\/div><\/div><div class=\"wp-block-getwid-section__content\"><div class=\"wp-block-getwid-section__inner-content\">\n<h2 class=\"wp-block-heading\">Datenschutz\n        <\/h2>\n\n\n\n<p>EasyFlat speichert keine pers\u00f6nlichen Informationen, die eine Identifizierung erm\u00f6glichen, mit Ausnahme der Formulare, die der Nutzer f\u00fcr die ordnungsgem\u00e4\u00dfe Bearbeitung seiner Bestellungen ausf\u00fcllen muss.\n         Diese Informationen werden nicht ohne Ihre Zustimmung verwendet.\n        <\/p>\n\n\n\n<p>Die auf den Websites gesammelten Informationen genie\u00dfen den Schutz des Gesetzes \u201eInformatique et Libert\u00e9s\u201c (Informatik und Freiheiten &#8211; franz\u00f6sisches Datenschutzgesetz) Nr. 78-17 vom 6. Januar 1978.\n         Sie haben ein Recht auf Zugang, Berichtigung, Widerspruch gegen die Weitergabe und L\u00f6schung auf einfache Anfrage an EasyFlat, ZA de Charpenay, 69210 LENTILLY &#8211; FRANKREICH.\n        <\/p>\n\n\n\n<p>EasyFlat kann statistische Analysen durchf\u00fchren, ohne dass diese namentlich sind, und kann Dritte (Organisationen zur Auswertung der Besucherzahlen) in zusammengefasster und nicht namentlicher Form dar\u00fcber informieren.\n        <\/p>\n\n\n\n<h2 class=\"wp-block-heading\">Urheberrecht &#8211; Copyright\n        <\/h2>\n\n\n\n<p>Die gesamte Website unterliegt der franz\u00f6sischen und internationalen Gesetzgebung \u00fcber das Urheberrecht und das geistige Eigentum.\n        <\/p>\n\n\n\n<p>Alle Rechte der Vervielf\u00e4ltigung sind vorbehalten, auch f\u00fcr herunterladbare Dokumente und bildliche und fotografische Darstellungen.\n        <\/p>\n\n\n\n<p>Die Vervielf\u00e4ltigung dieser Website oder von Teilen davon auf elektronischen Datentr\u00e4gern jeglicher Art ist ohne ausdr\u00fcckliche Genehmigung des Herausgebers strengstens untersagt.\n        <\/p>\n\n\n\n<p>Die auf dieser Seite erw\u00e4hnten Marken geh\u00f6ren ihren jeweiligen Eigent\u00fcmern.\n        <\/p>\n\n\n\n<h2 class=\"wp-block-heading\">Verwendung von Cookies\n        <\/h2>\n\n\n\n<p>Durch dieses Cookie-System werden nicht personenbezogene Informationen (Textdateien, die dazu dienen, einen Nutzer zu erkennen und so die Nutzung der Website zu erleichtern) gespeichert.\n         Diese haben keine Bedeutung au\u00dferhalb ihrer Verwendung auf der Website.\n        <\/p>\n\n\n\n<h2 class=\"wp-block-heading\">Hyperlinks\n        <\/h2>\n\n\n\n<p>Art de Miel kontrolliert nicht die mit seiner Seite verlinkten Seiten und ist daher nicht f\u00fcr deren Inhalt verantwortlich.\n         Die Risiken, die mit der Nutzung dieser Websites verbunden sind, liegen vollst\u00e4ndig beim Nutzer.\n         Er muss sich an ihre Nutzungsbedingungen halten.\n        <\/p>\n\n\n\n<h2 class=\"wp-block-heading\">Herausgeber\n        <\/h2>\n\n\n\n<p>Verantwortlich f\u00fcr die Ver\u00f6ffentlichung: EasyFlat, ZA de Charpenay, 69210 LENTILLY &#8211; FRANKREICH.\n        <br\/>USt-IdNr.: FR14850834078\n        <br\/>SIREN: 850834078\n        <br\/>Tel. (04) 74 01 85 05\n        <\/p>\n\n\n\n<p>Ausf\u00fchrung: <a href=\"https:\/\/spirale-communication-industrielle.fr\/\" target=\"_blank\" rel=\"noreferrer noopener\">Spirale Communication Industrielle<\/a><\/p>\n\n\n\n<h2 class=\"wp-block-heading\">Hosting\n        <\/h2>\n\n\n\n<p><strong>O2Switch\n        <\/strong><br\/>Chem.\n         des Pardiaux, 63000 Clermont-Ferrand\n        <\/p>\n\n\n\n<p>04 44 44 60 40<\/p>\n<\/div><\/div><\/div><\/div><\/div>\n","protected":false},"excerpt":{"rendered":"","protected":false},"author":1,"featured_media":0,"parent":0,"menu_order":0,"comment_status":"closed","ping_status":"closed","template":"","meta":{"footnotes":""},"class_list":["post-806","page","type-page","status-publish","hentry"],"yoast_head":"<!-- This site is optimized with the Yoast SEO plugin v22.9 - https:\/\/yoast.com\/wordpress\/plugins\/seo\/ -->\n<title>Impressum - EasyFlat<\/title>\n<meta name=\"robots\" content=\"noindex, follow\" \/>\n<meta property=\"og:locale\" content=\"de_DE\" \/>\n<meta property=\"og:type\" content=\"article\" \/>\n<meta property=\"og:title\" content=\"Impressum - EasyFlat\" \/>\n<meta property=\"og:url\" content=\"https:\/\/easyflat-1892.com\/de\/impressum\/\" \/>\n<meta property=\"og:site_name\" content=\"EasyFlat\" \/>\n<meta property=\"article:modified_time\" content=\"2024-03-22T14:04:06+00:00\" \/>\n<meta property=\"og:image\" content=\"https:\/\/easyflat-1892.com\/wp-content\/uploads\/2024\/02\/fond-case.jpeg\" \/>\n<meta name=\"twitter:card\" content=\"summary_large_image\" \/>\n<meta name=\"twitter:label1\" content=\"Gesch\u00e4tzte Lesezeit\" \/>\n\t<meta name=\"twitter:data1\" content=\"2\u00a0Minuten\" \/>\n<script type=\"application\/ld+json\" class=\"yoast-schema-graph\">{\"@context\":\"https:\/\/schema.org\",\"@graph\":[{\"@type\":\"WebPage\",\"@id\":\"https:\/\/easyflat-1892.com\/de\/impressum\/\",\"url\":\"https:\/\/easyflat-1892.com\/de\/impressum\/\",\"name\":\"Impressum - EasyFlat\",\"isPartOf\":{\"@id\":\"https:\/\/easyflat-1892.com\/#website\"},\"primaryImageOfPage\":{\"@id\":\"https:\/\/easyflat-1892.com\/de\/impressum\/#primaryimage\"},\"image\":{\"@id\":\"https:\/\/easyflat-1892.com\/de\/impressum\/#primaryimage\"},\"thumbnailUrl\":\"https:\/\/easyflat-1892.com\/wp-content\/uploads\/2024\/02\/fond-case.jpeg\",\"datePublished\":\"2024-02-27T10:41:52+00:00\",\"dateModified\":\"2024-03-22T14:04:06+00:00\",\"breadcrumb\":{\"@id\":\"https:\/\/easyflat-1892.com\/de\/impressum\/#breadcrumb\"},\"inLanguage\":\"de\",\"potentialAction\":[{\"@type\":\"ReadAction\",\"target\":[\"https:\/\/easyflat-1892.com\/de\/impressum\/\"]}]},{\"@type\":\"ImageObject\",\"inLanguage\":\"de\",\"@id\":\"https:\/\/easyflat-1892.com\/de\/impressum\/#primaryimage\",\"url\":\"https:\/\/easyflat-1892.com\/wp-content\/uploads\/2024\/02\/fond-case.jpeg\",\"contentUrl\":\"https:\/\/easyflat-1892.com\/wp-content\/uploads\/2024\/02\/fond-case.jpeg\"},{\"@type\":\"BreadcrumbList\",\"@id\":\"https:\/\/easyflat-1892.com\/de\/impressum\/#breadcrumb\",\"itemListElement\":[{\"@type\":\"ListItem\",\"position\":1,\"name\":\"Accueil\",\"item\":\"https:\/\/easyflat-1892.com\/de\/\"},{\"@type\":\"ListItem\",\"position\":2,\"name\":\"Impressum\"}]},{\"@type\":\"WebSite\",\"@id\":\"https:\/\/easyflat-1892.com\/#website\",\"url\":\"https:\/\/easyflat-1892.com\/\",\"name\":\"EasyFlat\",\"description\":\"\",\"potentialAction\":[{\"@type\":\"SearchAction\",\"target\":{\"@type\":\"EntryPoint\",\"urlTemplate\":\"https:\/\/easyflat-1892.com\/?s={search_term_string}\"},\"query-input\":\"required name=search_term_string\"}],\"inLanguage\":\"de\"}]}<\/script>\n<!-- \/ Yoast SEO plugin. -->","yoast_head_json":{"title":"Impressum - EasyFlat","robots":{"index":"noindex","follow":"follow"},"og_locale":"de_DE","og_type":"article","og_title":"Impressum - EasyFlat","og_url":"https:\/\/easyflat-1892.com\/de\/impressum\/","og_site_name":"EasyFlat","article_modified_time":"2024-03-22T14:04:06+00:00","og_image":[{"url":"https:\/\/easyflat-1892.com\/wp-content\/uploads\/2024\/02\/fond-case.jpeg"}],"twitter_card":"summary_large_image","twitter_misc":{"Gesch\u00e4tzte Lesezeit":"2\u00a0Minuten"},"schema":{"@context":"https:\/\/schema.org","@graph":[{"@type":"WebPage","@id":"https:\/\/easyflat-1892.com\/de\/impressum\/","url":"https:\/\/easyflat-1892.com\/de\/impressum\/","name":"Impressum - EasyFlat","isPartOf":{"@id":"https:\/\/easyflat-1892.com\/#website"},"primaryImageOfPage":{"@id":"https:\/\/easyflat-1892.com\/de\/impressum\/#primaryimage"},"image":{"@id":"https:\/\/easyflat-1892.com\/de\/impressum\/#primaryimage"},"thumbnailUrl":"https:\/\/easyflat-1892.com\/wp-content\/uploads\/2024\/02\/fond-case.jpeg","datePublished":"2024-02-27T10:41:52+00:00","dateModified":"2024-03-22T14:04:06+00:00","breadcrumb":{"@id":"https:\/\/easyflat-1892.com\/de\/impressum\/#breadcrumb"},"inLanguage":"de","potentialAction":[{"@type":"ReadAction","target":["https:\/\/easyflat-1892.com\/de\/impressum\/"]}]},{"@type":"ImageObject","inLanguage":"de","@id":"https:\/\/easyflat-1892.com\/de\/impressum\/#primaryimage","url":"https:\/\/easyflat-1892.com\/wp-content\/uploads\/2024\/02\/fond-case.jpeg","contentUrl":"https:\/\/easyflat-1892.com\/wp-content\/uploads\/2024\/02\/fond-case.jpeg"},{"@type":"BreadcrumbList","@id":"https:\/\/easyflat-1892.com\/de\/impressum\/#breadcrumb","itemListElement":[{"@type":"ListItem","position":1,"name":"Accueil","item":"https:\/\/easyflat-1892.com\/de\/"},{"@type":"ListItem","position":2,"name":"Impressum"}]},{"@type":"WebSite","@id":"https:\/\/easyflat-1892.com\/#website","url":"https:\/\/easyflat-1892.com\/","name":"EasyFlat","description":"","potentialAction":[{"@type":"SearchAction","target":{"@type":"EntryPoint","urlTemplate":"https:\/\/easyflat-1892.com\/?s={search_term_string}"},"query-input":"required name=search_term_string"}],"inLanguage":"de"}]}},"_links":{"self":[{"href":"https:\/\/easyflat-1892.com\/de\/wp-json\/wp\/v2\/pages\/806","targetHints":{"allow":["GET"]}}],"collection":[{"href":"https:\/\/easyflat-1892.com\/de\/wp-json\/wp\/v2\/pages"}],"about":[{"href":"https:\/\/easyflat-1892.com\/de\/wp-json\/wp\/v2\/types\/page"}],"author":[{"embeddable":true,"href":"https:\/\/easyflat-1892.com\/de\/wp-json\/wp\/v2\/users\/1"}],"replies":[{"embeddable":true,"href":"https:\/\/easyflat-1892.com\/de\/wp-json\/wp\/v2\/comments?post=806"}],"version-history":[{"count":1,"href":"https:\/\/easyflat-1892.com\/de\/wp-json\/wp\/v2\/pages\/806\/revisions"}],"predecessor-version":[{"id":808,"href":"https:\/\/easyflat-1892.com\/de\/wp-json\/wp\/v2\/pages\/806\/revisions\/808"}],"wp:attachment":[{"href":"https:\/\/easyflat-1892.com\/de\/wp-json\/wp\/v2\/media?parent=806"}],"curies":[{"name":"wp","href":"https:\/\/api.w.org\/{rel}","templated":true}]}}