{"id":795,"date":"2024-01-31T12:28:42","date_gmt":"2024-01-31T11:28:42","guid":{"rendered":"https:\/\/easyflat-1892.com\/know-how\/"},"modified":"2024-07-25T17:51:11","modified_gmt":"2024-07-25T15:51:11","slug":"blechbearbeitungsmaschine","status":"publish","type":"page","link":"https:\/\/easyflat-1892.com\/de\/blechbearbeitungsmaschine\/","title":{"rendered":"Know-how"},"content":{"rendered":"\n<div class=\"wp-block-getwid-section getwid-section-content-custom-width\"><div class=\"wp-block-getwid-section__wrapper\" style=\"min-height:90vh\"><div class=\"wp-block-getwid-section__inner-wrapper\" style=\"max-width:1000px\"><div class=\"wp-block-getwid-section__background-holder\"><div class=\"wp-block-getwid-section__background\" style=\"background-image:url('https:\/\/easyflat-1892.com\/wp-content\/uploads\/2024\/02\/fond-case.jpeg')\"><div class=\"wp-block-getwid-section__background-image-wrapper\"><img decoding=\"async\" class=\"wp-block-getwid-section__background-image\" src=\"https:\/\/easyflat-1892.com\/wp-content\/uploads\/2024\/02\/fond-case.jpeg\" alt=\"\"\/><\/div><\/div><div class=\"wp-block-getwid-section__foreground\" style=\"opacity:0.75;background-color:#342b7d\"><\/div><\/div><div class=\"wp-block-getwid-section__content\"><div class=\"wp-block-getwid-section__inner-content\">\n<h1 class=\"wp-block-heading has-text-align-center has-white-color has-text-color has-link-color wp-elements-87d75ef5e6bfb49e4d3929b35a411641\">VOLLST\u00c4NDIGE KONTROLLE \u00dcBER DIE VERFAHRENSTECHNIK: <br><span class=\"fort\">F&amp;E, HERSTELLUNG VON BLECHMASCHINEN, SERVICE, QUALIT\u00c4T<br><\/span><\/h1>\n\n\n\n<hr class=\"wp-block-separator has-text-color has-white-color has-alpha-channel-opacity has-white-background-color has-background\"\/>\n\n\n\n<p class=\"has-text-align-center has-white-color has-text-color has-link-color wp-elements-c28dc08ec9330a94a975fba68a7dc947\">Getragen von einem <span class=\"fort\">engagierten Team<\/span>, einem <span class=\"fort\">Entwicklungsb\u00fcro<\/span> und <span class=\"d2b\">zwei Industriestandorten<\/span>, umfasst das Know-how von EASYFLAT die Bereiche Forschung und Entwicklung, Herstellung, Service und Qualit\u00e4t.\n        <\/p>\n<\/div><\/div><\/div><\/div><\/div>\n\n\n\n<div class=\"wp-block-getwid-section\"><div class=\"wp-block-getwid-section__wrapper getwid-padding-top-large getwid-padding-bottom-large\"><div class=\"wp-block-getwid-section__inner-wrapper\"><div class=\"wp-block-getwid-section__background-holder\"><div class=\"wp-block-getwid-section__background\" style=\"background-image:url('https:\/\/easyflat-1892.com\/wp-content\/uploads\/2024\/01\/fond-qui-sommes-nous.jpg');background-position:center center;background-repeat:no-repeat\"><div class=\"wp-block-getwid-section__background-image-wrapper\"><img decoding=\"async\" class=\"wp-block-getwid-section__background-image\" src=\"https:\/\/easyflat-1892.com\/wp-content\/uploads\/2024\/01\/fond-qui-sommes-nous.jpg\" alt=\"\"\/><\/div><\/div><div class=\"wp-block-getwid-section__foreground\"><\/div><\/div><div class=\"wp-block-getwid-section__content\"><div class=\"wp-block-getwid-section__inner-content\">\n<div class=\"wp-block-columns are-vertically-aligned-center is-layout-flex wp-container-core-columns-is-layout-9d6595d7 wp-block-columns-is-layout-flex\">\n<div class=\"wp-block-column is-vertically-aligned-center is-layout-flow wp-block-column-is-layout-flow\">\n<h2 class=\"wp-block-heading has-purple-color has-text-color has-link-color wp-elements-7fb2ae0d770a1d275058f2b4b7bbdbd1\"><mark style=\"background-color:#342b7d\" class=\"has-inline-color has-white-color\"><span class=\"fort\">F&amp;E : entwurf von blechrichtmaschinen und blechfr\u00e4sen<\/span><\/mark><\/h2>\n\n\n\n<p>Spezialisiert auf <span class=\"fort\">Mechanik, Design, Elektronik<\/span> und HMI, verf\u00fcgt das Konstruktionsb\u00fcro EASYFLAT \u00fcber alle Kompetenzen, die bei der Entwicklung von Richtmaschinen eine Rolle spielen, einschlie\u00dflich der Entwicklung von elektronischen Platinen und propriet\u00e4ren Softwarel\u00f6sungen.\n         Es setzt eine <span class=\"fort\">industrielle Innovationspolitik<\/span> um, die vollst\u00e4ndig auf die Verbesserung der Leistung und des Nutzererlebnisses ausgerichtet ist.\n        <\/p>\n\n\n\n<div class=\"wp-block-buttons is-layout-flex wp-block-buttons-is-layout-flex\">\n<div class=\"wp-block-button\"><a class=\"wp-block-button__link wp-element-button\" href=\"https:\/\/easyflat-1892.com\/de\/kontakt\/\">Kontaktieren Sie uns<\/a><\/div>\n<\/div>\n<\/div>\n\n\n\n<div class=\"wp-block-column is-vertically-aligned-center is-layout-flow wp-block-column-is-layout-flow\">\n<figure class=\"wp-block-image size-large\"><img loading=\"lazy\" decoding=\"async\" width=\"1024\" height=\"768\" src=\"https:\/\/easyflat-1892.com\/wp-content\/uploads\/2024\/02\/savoir-faire-rd-1024x768.jpg\" alt=\"\" class=\"wp-image-511\" srcset=\"https:\/\/easyflat-1892.com\/wp-content\/uploads\/2024\/02\/savoir-faire-rd-1024x768.jpg 1024w, https:\/\/easyflat-1892.com\/wp-content\/uploads\/2024\/02\/savoir-faire-rd-600x450.jpg 600w, https:\/\/easyflat-1892.com\/wp-content\/uploads\/2024\/02\/savoir-faire-rd-300x225.jpg 300w, https:\/\/easyflat-1892.com\/wp-content\/uploads\/2024\/02\/savoir-faire-rd-768x576.jpg 768w, https:\/\/easyflat-1892.com\/wp-content\/uploads\/2024\/02\/savoir-faire-rd-1536x1152.jpg 1536w, https:\/\/easyflat-1892.com\/wp-content\/uploads\/2024\/02\/savoir-faire-rd.jpg 2000w\" sizes=\"auto, (max-width: 1024px) 100vw, 1024px\" \/><\/figure>\n<\/div>\n<\/div>\n<\/div><\/div><\/div><\/div><\/div>\n\n\n\n<div class=\"wp-block-getwid-section\"><div class=\"wp-block-getwid-section__wrapper getwid-padding-top-large getwid-padding-bottom-large\"><div class=\"wp-block-getwid-section__inner-wrapper\"><div class=\"wp-block-getwid-section__background-holder\"><div class=\"wp-block-getwid-section__background has-background has-purple-background-color\" style=\"background-image:url('https:\/\/easyflat-1892.com\/wp-content\/uploads\/2024\/01\/fond-header.jpg');background-position:center center;background-repeat:no-repeat\"><div class=\"wp-block-getwid-section__background-image-wrapper\"><img decoding=\"async\" class=\"wp-block-getwid-section__background-image\" src=\"https:\/\/easyflat-1892.com\/wp-content\/uploads\/2024\/01\/fond-header.jpg\" alt=\"\"\/><\/div><\/div><div class=\"wp-block-getwid-section__foreground\"><\/div><\/div><div class=\"wp-block-getwid-section__content\"><div class=\"wp-block-getwid-section__inner-content\">\n<div class=\"wp-block-columns are-vertically-aligned-center is-layout-flex wp-container-core-columns-is-layout-9d6595d7 wp-block-columns-is-layout-flex\">\n<div class=\"wp-block-column is-vertically-aligned-center is-layout-flow wp-block-column-is-layout-flow\">\n<figure class=\"wp-block-image size-full\"><img loading=\"lazy\" decoding=\"async\" width=\"768\" height=\"1024\" src=\"https:\/\/easyflat-1892.com\/wp-content\/uploads\/2024\/02\/Fabrication.png\" alt=\"\" class=\"wp-image-542\" style=\"aspect-ratio:1;object-fit:cover\" srcset=\"https:\/\/easyflat-1892.com\/wp-content\/uploads\/2024\/02\/Fabrication.png 768w, https:\/\/easyflat-1892.com\/wp-content\/uploads\/2024\/02\/Fabrication-600x800.png 600w, https:\/\/easyflat-1892.com\/wp-content\/uploads\/2024\/02\/Fabrication-225x300.png 225w\" sizes=\"auto, (max-width: 768px) 100vw, 768px\" \/><\/figure>\n<\/div>\n\n\n\n<div class=\"wp-block-column is-vertically-aligned-center is-layout-flow wp-block-column-is-layout-flow\">\n<h2 class=\"wp-block-heading has-purple-color has-text-color has-link-color wp-elements-2d6c04f453890983b9d0d3de8a7f6107\"><span class=\"d2b\"><mark style=\"background-color:#fff\" class=\"has-inline-color has-purple-color\">Herstellung von Blech Richt- und Richtmaschinen <\/mark><\/span><\/h2>\n\n\n\n<p class=\"has-white-color has-text-color has-link-color wp-elements-593e29234be92a9152e98e58c14fded3\">Die Kontrolle \u00fcber die Herstellung wird gew\u00e4hrleistet durch:\n        <\/p>\n\n\n\n<ul class=\"wp-block-list has-white-color has-text-color has-link-color wp-elements-6d8f043b540b5f2ca5e67c7aead40bcc\">\n<li>Unser <span class=\"fort\">Maschinenwerk <\/span>in Louvroil (59), das auch f\u00fcr fachkundiges Schleifen von Walzen zust\u00e4ndig ist\n        <\/li>\n\n\n\n<li>Unser <span class=\"fort\">Montagewerk<\/span> in Lentilly (69), wo auch die Software integriert wird\n        <\/li>\n<\/ul>\n<\/div>\n<\/div>\n<\/div><\/div><\/div><\/div><\/div>\n\n\n\n<div class=\"wp-block-getwid-section\"><div class=\"wp-block-getwid-section__wrapper getwid-padding-top-large getwid-padding-bottom-large\"><div class=\"wp-block-getwid-section__inner-wrapper\"><div class=\"wp-block-getwid-section__background-holder\"><div class=\"wp-block-getwid-section__background\" style=\"background-image:url('https:\/\/easyflat-1892.com\/wp-content\/uploads\/2024\/01\/fond-qui-sommes-nous.jpg');background-position:center center;background-repeat:no-repeat\"><div class=\"wp-block-getwid-section__background-image-wrapper\"><img decoding=\"async\" class=\"wp-block-getwid-section__background-image\" src=\"https:\/\/easyflat-1892.com\/wp-content\/uploads\/2024\/01\/fond-qui-sommes-nous.jpg\" alt=\"\"\/><\/div><\/div><div class=\"wp-block-getwid-section__foreground\"><\/div><\/div><div class=\"wp-block-getwid-section__content\"><div class=\"wp-block-getwid-section__inner-content\">\n<div class=\"wp-block-columns are-vertically-aligned-center is-layout-flex wp-container-core-columns-is-layout-9d6595d7 wp-block-columns-is-layout-flex\">\n<div class=\"wp-block-column is-vertically-aligned-center is-layout-flow wp-block-column-is-layout-flow\">\n<h2 class=\"wp-block-heading has-purple-color has-text-color has-link-color wp-elements-60ac6bd080aa0b07cc062d4a0d26b2ef\"><mark style=\"background-color:#342b7d\" class=\"has-inline-color has-white-color\"><span class=\"fort\">Service<\/span><\/mark><\/h2>\n\n\n\n<p>Das Know-how des Unternehmens umfasst Beratung, Betreuung, Inbetriebnahme, Techniksupport und einen kompetenten und reaktionsschnellen Kundendienst.\n        <\/p>\n\n\n\n<p><span class=\"fort\">EASYFLAT <\/span>vertreibt seine Maschinen in Frankreich direkt und unterh\u00e4lt ein ausgedehntes und qualifiziertes Netz von Vertretern und H\u00e4ndlern in Frankreich und im Ausland.\n         Sie sind auch in unseren Planrichtzentren herzlich willkommen.\n        <\/p>\n\n\n\n<div class=\"wp-block-buttons is-layout-flex wp-block-buttons-is-layout-flex\">\n<div class=\"wp-block-button\"><a class=\"wp-block-button__link wp-element-button\" href=\"https:\/\/easyflat-1892.com\/de\/kontakt\/\">Kontaktieren Sie uns<\/a><\/div>\n<\/div>\n<\/div>\n\n\n\n<div class=\"wp-block-column is-vertically-aligned-center is-layout-flow wp-block-column-is-layout-flow\">\n<figure class=\"wp-block-image size-large\"><img loading=\"lazy\" decoding=\"async\" width=\"768\" height=\"1024\" src=\"https:\/\/easyflat-1892.com\/wp-content\/uploads\/2024\/02\/SERVICE_3-retouche-web-768x1024.jpg\" alt=\"\" class=\"wp-image-515\" style=\"aspect-ratio:1;object-fit:cover\" srcset=\"https:\/\/easyflat-1892.com\/wp-content\/uploads\/2024\/02\/SERVICE_3-retouche-web-768x1024.jpg 768w, https:\/\/easyflat-1892.com\/wp-content\/uploads\/2024\/02\/SERVICE_3-retouche-web-600x800.jpg 600w, https:\/\/easyflat-1892.com\/wp-content\/uploads\/2024\/02\/SERVICE_3-retouche-web-225x300.jpg 225w, https:\/\/easyflat-1892.com\/wp-content\/uploads\/2024\/02\/SERVICE_3-retouche-web-1152x1536.jpg 1152w, https:\/\/easyflat-1892.com\/wp-content\/uploads\/2024\/02\/SERVICE_3-retouche-web.jpg 1500w\" sizes=\"auto, (max-width: 768px) 100vw, 768px\" \/><\/figure>\n<\/div>\n<\/div>\n<\/div><\/div><\/div><\/div><\/div>\n\n\n\n<div class=\"wp-block-getwid-section\"><div class=\"wp-block-getwid-section__wrapper getwid-padding-top-large getwid-padding-bottom-large\"><div class=\"wp-block-getwid-section__inner-wrapper\"><div class=\"wp-block-getwid-section__background-holder\"><div class=\"wp-block-getwid-section__background has-background has-purple-background-color\" style=\"background-image:url('https:\/\/easyflat-1892.com\/wp-content\/uploads\/2024\/01\/fond-header.jpg');background-position:center center;background-repeat:no-repeat\"><div class=\"wp-block-getwid-section__background-image-wrapper\"><img decoding=\"async\" class=\"wp-block-getwid-section__background-image\" src=\"https:\/\/easyflat-1892.com\/wp-content\/uploads\/2024\/01\/fond-header.jpg\" alt=\"\"\/><\/div><\/div><div class=\"wp-block-getwid-section__foreground\"><\/div><\/div><div class=\"wp-block-getwid-section__content\"><div class=\"wp-block-getwid-section__inner-content\">\n<div class=\"wp-block-columns are-vertically-aligned-center is-layout-flex wp-container-core-columns-is-layout-9d6595d7 wp-block-columns-is-layout-flex\">\n<div class=\"wp-block-column is-vertically-aligned-center is-layout-flow wp-block-column-is-layout-flow\">\n<figure class=\"wp-block-image size-full\"><img loading=\"lazy\" decoding=\"async\" width=\"1024\" height=\"576\" src=\"https:\/\/easyflat-1892.com\/wp-content\/uploads\/2024\/02\/Qualite.jpg\" alt=\"\" class=\"wp-image-513\" srcset=\"https:\/\/easyflat-1892.com\/wp-content\/uploads\/2024\/02\/Qualite.jpg 1024w, https:\/\/easyflat-1892.com\/wp-content\/uploads\/2024\/02\/Qualite-600x338.jpg 600w, https:\/\/easyflat-1892.com\/wp-content\/uploads\/2024\/02\/Qualite-300x169.jpg 300w, https:\/\/easyflat-1892.com\/wp-content\/uploads\/2024\/02\/Qualite-768x432.jpg 768w\" sizes=\"auto, (max-width: 1024px) 100vw, 1024px\" \/><\/figure>\n<\/div>\n\n\n\n<div class=\"wp-block-column is-vertically-aligned-center is-layout-flow wp-block-column-is-layout-flow\">\n<h2 class=\"wp-block-heading has-purple-color has-text-color has-link-color wp-elements-cbdcc129b0c966cd33cce897943eeb2f\"><strong><mark style=\"background-color:#fff\" class=\"has-inline-color has-purple-color\">Qualit\u00e4t\n        <\/mark><\/strong><\/h2>\n\n\n\n<p class=\"has-white-color has-text-color has-link-color wp-elements-c000a9d3c0403d8f3aea25a77cd3f754\">EASYFLAT betreibt eine Politik der kontinuierlichen Verbesserung, die sich auf mehr als 100 Jahre Erfahrungsaustausch st\u00fctzt.\n        <\/p>\n\n\n\n<p class=\"has-white-color has-text-color has-link-color wp-elements-acede294ebb570bf92a3df69e1d34907\">Der Qualit\u00e4tsanspruch ist allgegenw\u00e4rtig, angefangen bei der Auswahl hochwertiger Bauteile (\u00fcber 95 % der Bauteile werden in Europa hergestellt).\n        <\/p>\n<\/div>\n<\/div>\n<\/div><\/div><\/div><\/div><\/div>\n\n\n\n<div class=\"wp-block-getwid-section\"><div class=\"wp-block-getwid-section__wrapper getwid-padding-top-medium getwid-padding-bottom-medium\"><div class=\"wp-block-getwid-section__inner-wrapper\"><div class=\"wp-block-getwid-section__background-holder\"><div class=\"wp-block-getwid-section__background\"><\/div><div class=\"wp-block-getwid-section__foreground\"><\/div><\/div><div class=\"wp-block-getwid-section__content\"><div class=\"wp-block-getwid-section__inner-content\">\n<h2 class=\"wp-block-heading has-text-align-center has-purple-color has-text-color has-link-color wp-elements-ff9627c0d2870cd572d55f97ae3b8978\">Weltweit gibt es \u00fcber <span class=\"fort\">350 Richtmaschinen<br>und Planrichtmaschinen<\/span> von EasyFlat!\n        <\/h2>\n\n\n\n<div class=\"wp-block-buttons is-content-justification-center is-layout-flex wp-container-core-buttons-is-layout-16018d1d wp-block-buttons-is-layout-flex\">\n<div class=\"wp-block-button\"><a class=\"wp-block-button__link wp-element-button\" href=\"https:\/\/easyflat-1892.com\/de\/unsere-maschinen-in-der-welt\/\">Entdecken Sie <strong>unseren Standort<\/strong><\/a><\/div>\n<\/div>\n<\/div><\/div><\/div><\/div><\/div>\n","protected":false},"excerpt":{"rendered":"","protected":false},"author":1,"featured_media":0,"parent":0,"menu_order":0,"comment_status":"closed","ping_status":"closed","template":"","meta":{"footnotes":""},"class_list":["post-795","page","type-page","status-publish","hentry"],"yoast_head":"<!-- This site is optimized with the Yoast SEO plugin v22.9 - https:\/\/yoast.com\/wordpress\/plugins\/seo\/ -->\n<title>Installation Richtmaschine und Blechrichtmaschine, Maschinenwartung<\/title>\n<meta name=\"description\" content=\"EASY FLAT fertigt, installiert und wartet Ihre Blechrichtmaschinen und Richtmaschinen. Kontaktieren Sie uns f\u00fcr einen Kostenvoranschlag!\" \/>\n<meta name=\"robots\" content=\"index, follow, max-snippet:-1, max-image-preview:large, max-video-preview:-1\" \/>\n<link rel=\"canonical\" href=\"https:\/\/easyflat-1892.com\/de\/blechbearbeitungsmaschine\/\" \/>\n<meta property=\"og:locale\" content=\"de_DE\" \/>\n<meta property=\"og:type\" content=\"article\" \/>\n<meta property=\"og:title\" content=\"Installation Richtmaschine und Blechrichtmaschine, Maschinenwartung\" \/>\n<meta property=\"og:description\" content=\"EASY FLAT fertigt, installiert und wartet Ihre Blechrichtmaschinen und Richtmaschinen. Kontaktieren Sie uns f\u00fcr einen Kostenvoranschlag!\" \/>\n<meta property=\"og:url\" content=\"https:\/\/easyflat-1892.com\/de\/blechbearbeitungsmaschine\/\" \/>\n<meta property=\"og:site_name\" content=\"EasyFlat\" \/>\n<meta property=\"article:modified_time\" content=\"2024-07-25T15:51:11+00:00\" \/>\n<meta property=\"og:image\" content=\"https:\/\/easyflat-1892.com\/wp-content\/uploads\/2024\/02\/fond-case.jpeg\" \/>\n<meta name=\"twitter:card\" content=\"summary_large_image\" \/>\n<meta name=\"twitter:label1\" content=\"Gesch\u00e4tzte Lesezeit\" \/>\n\t<meta name=\"twitter:data1\" content=\"3\u00a0Minuten\" \/>\n<script type=\"application\/ld+json\" class=\"yoast-schema-graph\">{\"@context\":\"https:\/\/schema.org\",\"@graph\":[{\"@type\":\"WebPage\",\"@id\":\"https:\/\/easyflat-1892.com\/de\/blechbearbeitungsmaschine\/\",\"url\":\"https:\/\/easyflat-1892.com\/de\/blechbearbeitungsmaschine\/\",\"name\":\"Installation Richtmaschine und Blechrichtmaschine, Maschinenwartung\",\"isPartOf\":{\"@id\":\"https:\/\/easyflat-1892.com\/#website\"},\"primaryImageOfPage\":{\"@id\":\"https:\/\/easyflat-1892.com\/de\/blechbearbeitungsmaschine\/#primaryimage\"},\"image\":{\"@id\":\"https:\/\/easyflat-1892.com\/de\/blechbearbeitungsmaschine\/#primaryimage\"},\"thumbnailUrl\":\"https:\/\/easyflat-1892.com\/wp-content\/uploads\/2024\/02\/fond-case.jpeg\",\"datePublished\":\"2024-01-31T11:28:42+00:00\",\"dateModified\":\"2024-07-25T15:51:11+00:00\",\"description\":\"EASY FLAT fertigt, installiert und wartet Ihre Blechrichtmaschinen und Richtmaschinen. Kontaktieren Sie uns f\u00fcr einen Kostenvoranschlag!\",\"breadcrumb\":{\"@id\":\"https:\/\/easyflat-1892.com\/de\/blechbearbeitungsmaschine\/#breadcrumb\"},\"inLanguage\":\"de\",\"potentialAction\":[{\"@type\":\"ReadAction\",\"target\":[\"https:\/\/easyflat-1892.com\/de\/blechbearbeitungsmaschine\/\"]}]},{\"@type\":\"ImageObject\",\"inLanguage\":\"de\",\"@id\":\"https:\/\/easyflat-1892.com\/de\/blechbearbeitungsmaschine\/#primaryimage\",\"url\":\"https:\/\/easyflat-1892.com\/wp-content\/uploads\/2024\/02\/fond-case.jpeg\",\"contentUrl\":\"https:\/\/easyflat-1892.com\/wp-content\/uploads\/2024\/02\/fond-case.jpeg\"},{\"@type\":\"BreadcrumbList\",\"@id\":\"https:\/\/easyflat-1892.com\/de\/blechbearbeitungsmaschine\/#breadcrumb\",\"itemListElement\":[{\"@type\":\"ListItem\",\"position\":1,\"name\":\"Accueil\",\"item\":\"https:\/\/easyflat-1892.com\/de\/\"},{\"@type\":\"ListItem\",\"position\":2,\"name\":\"Know-how\"}]},{\"@type\":\"WebSite\",\"@id\":\"https:\/\/easyflat-1892.com\/#website\",\"url\":\"https:\/\/easyflat-1892.com\/\",\"name\":\"EasyFlat\",\"description\":\"\",\"potentialAction\":[{\"@type\":\"SearchAction\",\"target\":{\"@type\":\"EntryPoint\",\"urlTemplate\":\"https:\/\/easyflat-1892.com\/?s={search_term_string}\"},\"query-input\":\"required name=search_term_string\"}],\"inLanguage\":\"de\"}]}<\/script>\n<!-- \/ Yoast SEO plugin. -->","yoast_head_json":{"title":"Installation Richtmaschine und Blechrichtmaschine, Maschinenwartung","description":"EASY FLAT fertigt, installiert und wartet Ihre Blechrichtmaschinen und Richtmaschinen. Kontaktieren Sie uns f\u00fcr einen Kostenvoranschlag!","robots":{"index":"index","follow":"follow","max-snippet":"max-snippet:-1","max-image-preview":"max-image-preview:large","max-video-preview":"max-video-preview:-1"},"canonical":"https:\/\/easyflat-1892.com\/de\/blechbearbeitungsmaschine\/","og_locale":"de_DE","og_type":"article","og_title":"Installation Richtmaschine und Blechrichtmaschine, Maschinenwartung","og_description":"EASY FLAT fertigt, installiert und wartet Ihre Blechrichtmaschinen und Richtmaschinen. Kontaktieren Sie uns f\u00fcr einen Kostenvoranschlag!","og_url":"https:\/\/easyflat-1892.com\/de\/blechbearbeitungsmaschine\/","og_site_name":"EasyFlat","article_modified_time":"2024-07-25T15:51:11+00:00","og_image":[{"url":"https:\/\/easyflat-1892.com\/wp-content\/uploads\/2024\/02\/fond-case.jpeg"}],"twitter_card":"summary_large_image","twitter_misc":{"Gesch\u00e4tzte Lesezeit":"3\u00a0Minuten"},"schema":{"@context":"https:\/\/schema.org","@graph":[{"@type":"WebPage","@id":"https:\/\/easyflat-1892.com\/de\/blechbearbeitungsmaschine\/","url":"https:\/\/easyflat-1892.com\/de\/blechbearbeitungsmaschine\/","name":"Installation Richtmaschine und Blechrichtmaschine, Maschinenwartung","isPartOf":{"@id":"https:\/\/easyflat-1892.com\/#website"},"primaryImageOfPage":{"@id":"https:\/\/easyflat-1892.com\/de\/blechbearbeitungsmaschine\/#primaryimage"},"image":{"@id":"https:\/\/easyflat-1892.com\/de\/blechbearbeitungsmaschine\/#primaryimage"},"thumbnailUrl":"https:\/\/easyflat-1892.com\/wp-content\/uploads\/2024\/02\/fond-case.jpeg","datePublished":"2024-01-31T11:28:42+00:00","dateModified":"2024-07-25T15:51:11+00:00","description":"EASY FLAT fertigt, installiert und wartet Ihre Blechrichtmaschinen und Richtmaschinen. Kontaktieren Sie uns f\u00fcr einen Kostenvoranschlag!","breadcrumb":{"@id":"https:\/\/easyflat-1892.com\/de\/blechbearbeitungsmaschine\/#breadcrumb"},"inLanguage":"de","potentialAction":[{"@type":"ReadAction","target":["https:\/\/easyflat-1892.com\/de\/blechbearbeitungsmaschine\/"]}]},{"@type":"ImageObject","inLanguage":"de","@id":"https:\/\/easyflat-1892.com\/de\/blechbearbeitungsmaschine\/#primaryimage","url":"https:\/\/easyflat-1892.com\/wp-content\/uploads\/2024\/02\/fond-case.jpeg","contentUrl":"https:\/\/easyflat-1892.com\/wp-content\/uploads\/2024\/02\/fond-case.jpeg"},{"@type":"BreadcrumbList","@id":"https:\/\/easyflat-1892.com\/de\/blechbearbeitungsmaschine\/#breadcrumb","itemListElement":[{"@type":"ListItem","position":1,"name":"Accueil","item":"https:\/\/easyflat-1892.com\/de\/"},{"@type":"ListItem","position":2,"name":"Know-how"}]},{"@type":"WebSite","@id":"https:\/\/easyflat-1892.com\/#website","url":"https:\/\/easyflat-1892.com\/","name":"EasyFlat","description":"","potentialAction":[{"@type":"SearchAction","target":{"@type":"EntryPoint","urlTemplate":"https:\/\/easyflat-1892.com\/?s={search_term_string}"},"query-input":"required name=search_term_string"}],"inLanguage":"de"}]}},"_links":{"self":[{"href":"https:\/\/easyflat-1892.com\/de\/wp-json\/wp\/v2\/pages\/795","targetHints":{"allow":["GET"]}}],"collection":[{"href":"https:\/\/easyflat-1892.com\/de\/wp-json\/wp\/v2\/pages"}],"about":[{"href":"https:\/\/easyflat-1892.com\/de\/wp-json\/wp\/v2\/types\/page"}],"author":[{"embeddable":true,"href":"https:\/\/easyflat-1892.com\/de\/wp-json\/wp\/v2\/users\/1"}],"replies":[{"embeddable":true,"href":"https:\/\/easyflat-1892.com\/de\/wp-json\/wp\/v2\/comments?post=795"}],"version-history":[{"count":2,"href":"https:\/\/easyflat-1892.com\/de\/wp-json\/wp\/v2\/pages\/795\/revisions"}],"predecessor-version":[{"id":1182,"href":"https:\/\/easyflat-1892.com\/de\/wp-json\/wp\/v2\/pages\/795\/revisions\/1182"}],"wp:attachment":[{"href":"https:\/\/easyflat-1892.com\/de\/wp-json\/wp\/v2\/media?parent=795"}],"curies":[{"name":"wp","href":"https:\/\/api.w.org\/{rel}","templated":true}]}}