{"id":780,"date":"2024-01-31T14:49:19","date_gmt":"2024-01-31T13:49:19","guid":{"rendered":"https:\/\/easyflat-1892.com\/planrichtzentren\/"},"modified":"2025-02-20T11:16:41","modified_gmt":"2025-02-20T10:16:41","slug":"planrichtzentren","status":"publish","type":"page","link":"https:\/\/easyflat-1892.com\/de\/planrichtzentren\/","title":{"rendered":"Planrichtzentren"},"content":{"rendered":"\n<div class=\"wp-block-getwid-section\"><div class=\"wp-block-getwid-section__wrapper\" style=\"min-height:90vh\"><div class=\"wp-block-getwid-section__inner-wrapper\"><div class=\"wp-block-getwid-section__background-holder\"><div class=\"wp-block-getwid-section__background\" style=\"background-image:url('https:\/\/easyflat-1892.com\/wp-content\/uploads\/2024\/02\/fond-case.jpeg')\"><div class=\"wp-block-getwid-section__background-image-wrapper\"><img decoding=\"async\" class=\"wp-block-getwid-section__background-image\" src=\"https:\/\/easyflat-1892.com\/wp-content\/uploads\/2024\/02\/fond-case.jpeg\" alt=\"\"\/><\/div><\/div><div class=\"wp-block-getwid-section__foreground\" style=\"opacity:0.75;background-color:#342b7d\"><\/div><\/div><div class=\"wp-block-getwid-section__content\"><div class=\"wp-block-getwid-section__inner-content\">\n<div class=\"wp-block-columns are-vertically-aligned-center is-layout-flex wp-container-core-columns-is-layout-9d6595d7 wp-block-columns-is-layout-flex\">\n<div class=\"wp-block-column is-vertically-aligned-center is-layout-flow wp-block-column-is-layout-flow\">\n<figure class=\"wp-block-image size-full\"><img loading=\"lazy\" decoding=\"async\" width=\"2000\" height=\"1500\" src=\"https:\/\/easyflat-1892.com\/wp-content\/uploads\/2024\/02\/photo-vue-ext-site-2.jpg\" alt=\"\" class=\"wp-image-474\" style=\"aspect-ratio:1;object-fit:cover\" srcset=\"https:\/\/easyflat-1892.com\/wp-content\/uploads\/2024\/02\/photo-vue-ext-site-2.jpg 2000w, https:\/\/easyflat-1892.com\/wp-content\/uploads\/2024\/02\/photo-vue-ext-site-2-600x450.jpg 600w, https:\/\/easyflat-1892.com\/wp-content\/uploads\/2024\/02\/photo-vue-ext-site-2-300x225.jpg 300w, https:\/\/easyflat-1892.com\/wp-content\/uploads\/2024\/02\/photo-vue-ext-site-2-1024x768.jpg 1024w, https:\/\/easyflat-1892.com\/wp-content\/uploads\/2024\/02\/photo-vue-ext-site-2-768x576.jpg 768w, https:\/\/easyflat-1892.com\/wp-content\/uploads\/2024\/02\/photo-vue-ext-site-2-1536x1152.jpg 1536w\" sizes=\"auto, (max-width: 2000px) 100vw, 2000px\" \/><\/figure><\/div>\n\n\n\n<div class=\"wp-block-column is-vertically-aligned-center is-layout-flow wp-block-column-is-layout-flow\">\n<h1 class=\"wp-block-heading has-white-color has-text-color has-link-color wp-elements-5138502c1f05932145c00470f0d10418\">Centres de planage de t\u00f4le<\/h1>\n\n\n\n<p class=\"has-white-color has-text-color has-link-color wp-elements-e32b07ef7ad72e8339ca84403a9ba786\">Sie m\u00f6chten..        <\/p>\n\n\n\n<ul class=\"has-white-color has-text-color has-link-color wp-block-list wp-elements-e3bbb33a5032b8baedf256b8b0587386\">\n<li>Maschinenkapazit\u00e4ten mieten, um punktuell Richtarbeiten auszuf\u00fchren?&#13;\n        <\/li>\n\n\n\n<li>Vorserien produzieren, bevor Sie eine Richtmaschine in Ihr internes Fertigungsverfahren integrieren?&#13;\n        <\/li>\n\n\n\n<li>effectuer des essais avanc\u00e9s <\/li>\n<\/ul>\n<\/div>\n<\/div>\n\n\n\n<div class=\"wp-block-buttons is-content-justification-right is-layout-flex wp-container-core-buttons-is-layout-765c4724 wp-block-buttons-is-layout-flex\">\n<div class=\"wp-block-button is-style-fill\"><a class=\"wp-block-button__link wp-element-button\" href=\"https:\/\/easyflat-1892.com\/de\/kontakt\/\">Contactez-nous<\/a><\/div>\n<\/div>\n<\/div><\/div><\/div><\/div><\/div>\n\n<div class=\"wp-block-getwid-section\"><div class=\"wp-block-getwid-section__wrapper getwid-padding-top-large getwid-padding-bottom-large\"><div class=\"wp-block-getwid-section__inner-wrapper\"><div class=\"wp-block-getwid-section__background-holder\"><div class=\"wp-block-getwid-section__background\" style=\"background-image:url('https:\/\/easyflat-1892.com\/wp-content\/uploads\/2024\/01\/fond-qui-sommes-nous.jpg');background-position:center center;background-repeat:no-repeat\"><div class=\"wp-block-getwid-section__background-image-wrapper\"><img decoding=\"async\" class=\"wp-block-getwid-section__background-image\" src=\"https:\/\/easyflat-1892.com\/wp-content\/uploads\/2024\/01\/fond-qui-sommes-nous.jpg\" alt=\"\"\/><\/div><\/div><div class=\"wp-block-getwid-section__foreground\"><\/div><\/div><div class=\"wp-block-getwid-section__content\"><div class=\"wp-block-getwid-section__inner-content\">\n<h2 class=\"wp-block-heading has-text-align-center\">EasyFlat, c\u2019est <span class=\"fort\">4 centres de planage<\/span><br\/>dans le monde !<\/h2>\n\n\n\n<div class=\"wp-block-columns is-layout-flex wp-container-core-columns-is-layout-9d6595d7 wp-block-columns-is-layout-flex\">\n<div class=\"wp-block-column is-layout-flow wp-block-column-is-layout-flow\">\n<div class=\"wp-block-media-text is-stacked-on-mobile is-image-fill has-white-background-color has-background\"><figure class=\"wp-block-media-text__media\" style=\"background-image:url(https:\/\/easyflat-1892.com\/wp-content\/uploads\/2024\/02\/photo-vue-ext-site-2-1024x768.jpg);background-position:50% 50%\"><img loading=\"lazy\" decoding=\"async\" width=\"1024\" height=\"768\" src=\"https:\/\/easyflat-1892.com\/wp-content\/uploads\/2024\/02\/photo-vue-ext-site-2-1024x768.jpg\" alt=\"\" class=\"wp-image-474 size-full\" srcset=\"https:\/\/easyflat-1892.com\/wp-content\/uploads\/2024\/02\/photo-vue-ext-site-2-1024x768.jpg 1024w, https:\/\/easyflat-1892.com\/wp-content\/uploads\/2024\/02\/photo-vue-ext-site-2-600x450.jpg 600w, https:\/\/easyflat-1892.com\/wp-content\/uploads\/2024\/02\/photo-vue-ext-site-2-300x225.jpg 300w, https:\/\/easyflat-1892.com\/wp-content\/uploads\/2024\/02\/photo-vue-ext-site-2-768x576.jpg 768w, https:\/\/easyflat-1892.com\/wp-content\/uploads\/2024\/02\/photo-vue-ext-site-2-1536x1152.jpg 1536w, https:\/\/easyflat-1892.com\/wp-content\/uploads\/2024\/02\/photo-vue-ext-site-2.jpg 2000w\" sizes=\"auto, (max-width: 1024px) 100vw, 1024px\" \/><\/figure><div class=\"wp-block-media-text__content\">\n<p class=\"has-text-align-center\"><strong>Easy Flat&#13;\n        <\/strong><br\/><strong>Lentilly&#13;\n        <\/strong><\/p>\n\n\n\n<p class=\"has-text-align-center\">ZA de Charpenay&#13;\n        <br\/>69210 Lentilly&#13;\n        <br\/>FRANKREICH&#13;\n        <\/p>\n\n\n\n<div class=\"wp-block-buttons has-custom-font-size has-small-font-size is-content-justification-center is-layout-flex wp-container-core-buttons-is-layout-16018d1d wp-block-buttons-is-layout-flex\">\n<div class=\"wp-block-button\"><a class=\"wp-block-button__link wp-element-button\" href=\"https:\/\/easyflat-1892.com\/de\/kontakt\/\">Kontakt        <\/a><\/div>\n<\/div>\n<\/div><\/div>\n<\/div>\n\n\n\n<div class=\"wp-block-column is-layout-flow wp-block-column-is-layout-flow\">\n<div class=\"wp-block-media-text is-stacked-on-mobile is-image-fill has-white-background-color has-background\"><figure class=\"wp-block-media-text__media\" style=\"background-image:url(https:\/\/easyflat-1892.com\/wp-content\/uploads\/\/woocommerce-placeholder-1024x1024.png);background-position:50% 50%\"><img loading=\"lazy\" decoding=\"async\" width=\"1024\" height=\"1024\" src=\"https:\/\/easyflat-1892.com\/wp-content\/uploads\/\/woocommerce-placeholder-1024x1024.png\" alt=\"\" class=\"wp-image-233 size-full\" srcset=\"https:\/\/easyflat-1892.com\/wp-content\/uploads\/woocommerce-placeholder-1024x1024.png 1024w, https:\/\/easyflat-1892.com\/wp-content\/uploads\/woocommerce-placeholder-300x300.png 300w, https:\/\/easyflat-1892.com\/wp-content\/uploads\/woocommerce-placeholder-100x100.png 100w, https:\/\/easyflat-1892.com\/wp-content\/uploads\/woocommerce-placeholder-600x600.png 600w, https:\/\/easyflat-1892.com\/wp-content\/uploads\/woocommerce-placeholder-150x150.png 150w, https:\/\/easyflat-1892.com\/wp-content\/uploads\/woocommerce-placeholder-768x768.png 768w, https:\/\/easyflat-1892.com\/wp-content\/uploads\/woocommerce-placeholder.png 1200w\" sizes=\"auto, (max-width: 1024px) 100vw, 1024px\" \/><\/figure><div class=\"wp-block-media-text__content\">\n<p class=\"has-text-align-center\"><strong>Easy Flat&#13;\n        <\/strong><br\/><strong>Louvroil&#13;\n        <\/strong><\/p>\n\n\n\n<p class=\"has-text-align-center\">14B rue Lisse, 59720 Louvroil&#13;\n        <br\/>FRANKREICH&#13;\n        <\/p>\n\n\n\n<div class=\"wp-block-buttons has-custom-font-size has-small-font-size is-content-justification-center is-layout-flex wp-container-core-buttons-is-layout-16018d1d wp-block-buttons-is-layout-flex\">\n<div class=\"wp-block-button\"><a class=\"wp-block-button__link wp-element-button\" href=\"https:\/\/easyflat-1892.com\/de\/kontakt\/\">Kontakt        <\/a><\/div>\n<\/div>\n<\/div><\/div>\n<\/div>\n<\/div>\n\n\n\n<div class=\"wp-block-columns is-layout-flex wp-container-core-columns-is-layout-9d6595d7 wp-block-columns-is-layout-flex\">\n<div class=\"wp-block-column is-layout-flow wp-block-column-is-layout-flow\">\n<div class=\"wp-block-media-text has-media-on-the-right is-stacked-on-mobile is-image-fill has-white-background-color has-background\"><div class=\"wp-block-media-text__content\">\n<p class=\"has-text-align-center\"><strong>Easy Flat&#13;\n        <\/strong><br\/><strong>Serris&#13;\n        <\/strong><\/p>\n\n\n\n<p class=\"has-text-align-center\">ZAC du Couternois&#13;\n         <br\/>77 700 Serris&#13;\n        <br\/>FRANKREICH&#13;\n        <\/p>\n\n\n\n<div class=\"wp-block-buttons has-custom-font-size has-small-font-size is-content-justification-center is-layout-flex wp-container-core-buttons-is-layout-16018d1d wp-block-buttons-is-layout-flex\">\n<div class=\"wp-block-button\"><a class=\"wp-block-button__link wp-element-button\" href=\"https:\/\/easyflat-1892.com\/de\/kontakt\/\">Kontakt        <\/a><\/div>\n<\/div>\n<\/div><figure class=\"wp-block-media-text__media\" style=\"background-image:url(https:\/\/easyflat-1892.com\/wp-content\/uploads\/2024\/03\/Vue-Serris-1024x661.png);background-position:50% 50%\"><img loading=\"lazy\" decoding=\"async\" width=\"1024\" height=\"661\" src=\"https:\/\/easyflat-1892.com\/wp-content\/uploads\/2024\/03\/Vue-Serris-1024x661.png\" alt=\"\" class=\"wp-image-705 size-full\" srcset=\"https:\/\/easyflat-1892.com\/wp-content\/uploads\/2024\/03\/Vue-Serris-1024x661.png 1024w, https:\/\/easyflat-1892.com\/wp-content\/uploads\/2024\/03\/Vue-Serris-300x194.png 300w, https:\/\/easyflat-1892.com\/wp-content\/uploads\/2024\/03\/Vue-Serris-768x496.png 768w, https:\/\/easyflat-1892.com\/wp-content\/uploads\/2024\/03\/Vue-Serris-600x387.png 600w, https:\/\/easyflat-1892.com\/wp-content\/uploads\/2024\/03\/Vue-Serris.png 1447w\" sizes=\"auto, (max-width: 1024px) 100vw, 1024px\" \/><\/figure><\/div>\n<\/div>\n\n\n\n<div class=\"wp-block-column is-layout-flow wp-block-column-is-layout-flow\">\n<div class=\"wp-block-media-text has-media-on-the-right is-stacked-on-mobile is-image-fill has-white-background-color has-background\"><div class=\"wp-block-media-text__content\">\n<p class=\"has-text-align-center\"><strong>Easy Flat&#13;\n        <\/strong><br\/><strong>Italien&#13;\n        <\/strong><\/p>\n\n\n\n<p class=\"has-text-align-center\">Via E. Mattei 3, 29027 Loc.&#13;\n         Gariga di Podenzano&#13;\n        <br\/>ITALIEN&#13;\n        <\/p>\n\n\n\n<div class=\"wp-block-buttons has-custom-font-size has-small-font-size is-content-justification-center is-layout-flex wp-container-core-buttons-is-layout-16018d1d wp-block-buttons-is-layout-flex\">\n<div class=\"wp-block-button\"><a class=\"wp-block-button__link wp-element-button\" href=\"https:\/\/easyflat-1892.com\/de\/kontakt\/\">Kontakt        <\/a><\/div>\n<\/div>\n<\/div><figure class=\"wp-block-media-text__media\" style=\"background-image:url(https:\/\/easyflat-1892.com\/wp-content\/uploads\/2024\/03\/site-Italie.png);background-position:50% 50%\"><img loading=\"lazy\" decoding=\"async\" width=\"682\" height=\"380\" src=\"https:\/\/easyflat-1892.com\/wp-content\/uploads\/2024\/03\/site-Italie.png\" alt=\"\" class=\"wp-image-702 size-full\" srcset=\"https:\/\/easyflat-1892.com\/wp-content\/uploads\/2024\/03\/site-Italie.png 682w, https:\/\/easyflat-1892.com\/wp-content\/uploads\/2024\/03\/site-Italie-300x167.png 300w, https:\/\/easyflat-1892.com\/wp-content\/uploads\/2024\/03\/site-Italie-600x334.png 600w\" sizes=\"auto, (max-width: 682px) 100vw, 682px\" \/><\/figure><\/div>\n<\/div>\n<\/div>\n<\/div><\/div><\/div><\/div><\/div>\n","protected":false},"excerpt":{"rendered":"","protected":false},"author":1,"featured_media":0,"parent":0,"menu_order":0,"comment_status":"closed","ping_status":"closed","template":"","meta":{"footnotes":""},"class_list":["post-780","page","type-page","status-publish","hentry"],"yoast_head":"<!-- This site is optimized with the Yoast SEO plugin v22.9 - https:\/\/yoast.com\/wordpress\/plugins\/seo\/ -->\n<title>Zentrum f\u00fcr das Richten von Blechen, Blechrichtmaschine<\/title>\n<meta name=\"description\" content=\"EASY FLAT verf\u00fcgt \u00fcber ein Blechrichtzentrum, in dem Sie unsere Richtmaschinen und Blechrichtmaschinen ausprobieren k\u00f6nnen. Kontaktieren Sie uns!\" \/>\n<meta name=\"robots\" content=\"index, follow, max-snippet:-1, max-image-preview:large, max-video-preview:-1\" \/>\n<link rel=\"canonical\" href=\"https:\/\/easyflat-1892.com\/de\/planrichtzentren\/\" \/>\n<meta property=\"og:locale\" content=\"de_DE\" \/>\n<meta property=\"og:type\" content=\"article\" \/>\n<meta property=\"og:title\" content=\"Zentrum f\u00fcr das Richten von Blechen, Blechrichtmaschine\" \/>\n<meta property=\"og:description\" content=\"EASY FLAT verf\u00fcgt \u00fcber ein Blechrichtzentrum, in dem Sie unsere Richtmaschinen und Blechrichtmaschinen ausprobieren k\u00f6nnen. Kontaktieren Sie uns!\" \/>\n<meta property=\"og:url\" content=\"https:\/\/easyflat-1892.com\/de\/planrichtzentren\/\" \/>\n<meta property=\"og:site_name\" content=\"EasyFlat\" \/>\n<meta property=\"article:modified_time\" content=\"2025-02-20T10:16:41+00:00\" \/>\n<meta property=\"og:image\" content=\"https:\/\/easyflat-1892.com\/wp-content\/uploads\/2024\/02\/fond-case.jpeg\" \/>\n<meta name=\"twitter:card\" content=\"summary_large_image\" \/>\n<meta name=\"twitter:label1\" content=\"Gesch\u00e4tzte Lesezeit\" \/>\n\t<meta name=\"twitter:data1\" content=\"2\u00a0Minuten\" \/>\n<script type=\"application\/ld+json\" class=\"yoast-schema-graph\">{\"@context\":\"https:\/\/schema.org\",\"@graph\":[{\"@type\":\"WebPage\",\"@id\":\"https:\/\/easyflat-1892.com\/de\/planrichtzentren\/\",\"url\":\"https:\/\/easyflat-1892.com\/de\/planrichtzentren\/\",\"name\":\"Zentrum f\u00fcr das Richten von Blechen, Blechrichtmaschine\",\"isPartOf\":{\"@id\":\"https:\/\/easyflat-1892.com\/#website\"},\"primaryImageOfPage\":{\"@id\":\"https:\/\/easyflat-1892.com\/de\/planrichtzentren\/#primaryimage\"},\"image\":{\"@id\":\"https:\/\/easyflat-1892.com\/de\/planrichtzentren\/#primaryimage\"},\"thumbnailUrl\":\"https:\/\/easyflat-1892.com\/wp-content\/uploads\/2024\/02\/fond-case.jpeg\",\"datePublished\":\"2024-01-31T13:49:19+00:00\",\"dateModified\":\"2025-02-20T10:16:41+00:00\",\"description\":\"EASY FLAT verf\u00fcgt \u00fcber ein Blechrichtzentrum, in dem Sie unsere Richtmaschinen und Blechrichtmaschinen ausprobieren k\u00f6nnen. Kontaktieren Sie uns!\",\"breadcrumb\":{\"@id\":\"https:\/\/easyflat-1892.com\/de\/planrichtzentren\/#breadcrumb\"},\"inLanguage\":\"de\",\"potentialAction\":[{\"@type\":\"ReadAction\",\"target\":[\"https:\/\/easyflat-1892.com\/de\/planrichtzentren\/\"]}]},{\"@type\":\"ImageObject\",\"inLanguage\":\"de\",\"@id\":\"https:\/\/easyflat-1892.com\/de\/planrichtzentren\/#primaryimage\",\"url\":\"https:\/\/easyflat-1892.com\/wp-content\/uploads\/2024\/02\/fond-case.jpeg\",\"contentUrl\":\"https:\/\/easyflat-1892.com\/wp-content\/uploads\/2024\/02\/fond-case.jpeg\"},{\"@type\":\"BreadcrumbList\",\"@id\":\"https:\/\/easyflat-1892.com\/de\/planrichtzentren\/#breadcrumb\",\"itemListElement\":[{\"@type\":\"ListItem\",\"position\":1,\"name\":\"Accueil\",\"item\":\"https:\/\/easyflat-1892.com\/de\/\"},{\"@type\":\"ListItem\",\"position\":2,\"name\":\"Planrichtzentren\"}]},{\"@type\":\"WebSite\",\"@id\":\"https:\/\/easyflat-1892.com\/#website\",\"url\":\"https:\/\/easyflat-1892.com\/\",\"name\":\"EasyFlat\",\"description\":\"\",\"potentialAction\":[{\"@type\":\"SearchAction\",\"target\":{\"@type\":\"EntryPoint\",\"urlTemplate\":\"https:\/\/easyflat-1892.com\/?s={search_term_string}\"},\"query-input\":\"required name=search_term_string\"}],\"inLanguage\":\"de\"}]}<\/script>\n<!-- \/ Yoast SEO plugin. -->","yoast_head_json":{"title":"Zentrum f\u00fcr das Richten von Blechen, Blechrichtmaschine","description":"EASY FLAT verf\u00fcgt \u00fcber ein Blechrichtzentrum, in dem Sie unsere Richtmaschinen und Blechrichtmaschinen ausprobieren k\u00f6nnen. Kontaktieren Sie uns!","robots":{"index":"index","follow":"follow","max-snippet":"max-snippet:-1","max-image-preview":"max-image-preview:large","max-video-preview":"max-video-preview:-1"},"canonical":"https:\/\/easyflat-1892.com\/de\/planrichtzentren\/","og_locale":"de_DE","og_type":"article","og_title":"Zentrum f\u00fcr das Richten von Blechen, Blechrichtmaschine","og_description":"EASY FLAT verf\u00fcgt \u00fcber ein Blechrichtzentrum, in dem Sie unsere Richtmaschinen und Blechrichtmaschinen ausprobieren k\u00f6nnen. Kontaktieren Sie uns!","og_url":"https:\/\/easyflat-1892.com\/de\/planrichtzentren\/","og_site_name":"EasyFlat","article_modified_time":"2025-02-20T10:16:41+00:00","og_image":[{"url":"https:\/\/easyflat-1892.com\/wp-content\/uploads\/2024\/02\/fond-case.jpeg"}],"twitter_card":"summary_large_image","twitter_misc":{"Gesch\u00e4tzte Lesezeit":"2\u00a0Minuten"},"schema":{"@context":"https:\/\/schema.org","@graph":[{"@type":"WebPage","@id":"https:\/\/easyflat-1892.com\/de\/planrichtzentren\/","url":"https:\/\/easyflat-1892.com\/de\/planrichtzentren\/","name":"Zentrum f\u00fcr das Richten von Blechen, Blechrichtmaschine","isPartOf":{"@id":"https:\/\/easyflat-1892.com\/#website"},"primaryImageOfPage":{"@id":"https:\/\/easyflat-1892.com\/de\/planrichtzentren\/#primaryimage"},"image":{"@id":"https:\/\/easyflat-1892.com\/de\/planrichtzentren\/#primaryimage"},"thumbnailUrl":"https:\/\/easyflat-1892.com\/wp-content\/uploads\/2024\/02\/fond-case.jpeg","datePublished":"2024-01-31T13:49:19+00:00","dateModified":"2025-02-20T10:16:41+00:00","description":"EASY FLAT verf\u00fcgt \u00fcber ein Blechrichtzentrum, in dem Sie unsere Richtmaschinen und Blechrichtmaschinen ausprobieren k\u00f6nnen. Kontaktieren Sie uns!","breadcrumb":{"@id":"https:\/\/easyflat-1892.com\/de\/planrichtzentren\/#breadcrumb"},"inLanguage":"de","potentialAction":[{"@type":"ReadAction","target":["https:\/\/easyflat-1892.com\/de\/planrichtzentren\/"]}]},{"@type":"ImageObject","inLanguage":"de","@id":"https:\/\/easyflat-1892.com\/de\/planrichtzentren\/#primaryimage","url":"https:\/\/easyflat-1892.com\/wp-content\/uploads\/2024\/02\/fond-case.jpeg","contentUrl":"https:\/\/easyflat-1892.com\/wp-content\/uploads\/2024\/02\/fond-case.jpeg"},{"@type":"BreadcrumbList","@id":"https:\/\/easyflat-1892.com\/de\/planrichtzentren\/#breadcrumb","itemListElement":[{"@type":"ListItem","position":1,"name":"Accueil","item":"https:\/\/easyflat-1892.com\/de\/"},{"@type":"ListItem","position":2,"name":"Planrichtzentren"}]},{"@type":"WebSite","@id":"https:\/\/easyflat-1892.com\/#website","url":"https:\/\/easyflat-1892.com\/","name":"EasyFlat","description":"","potentialAction":[{"@type":"SearchAction","target":{"@type":"EntryPoint","urlTemplate":"https:\/\/easyflat-1892.com\/?s={search_term_string}"},"query-input":"required name=search_term_string"}],"inLanguage":"de"}]}},"_links":{"self":[{"href":"https:\/\/easyflat-1892.com\/de\/wp-json\/wp\/v2\/pages\/780","targetHints":{"allow":["GET"]}}],"collection":[{"href":"https:\/\/easyflat-1892.com\/de\/wp-json\/wp\/v2\/pages"}],"about":[{"href":"https:\/\/easyflat-1892.com\/de\/wp-json\/wp\/v2\/types\/page"}],"author":[{"embeddable":true,"href":"https:\/\/easyflat-1892.com\/de\/wp-json\/wp\/v2\/users\/1"}],"replies":[{"embeddable":true,"href":"https:\/\/easyflat-1892.com\/de\/wp-json\/wp\/v2\/comments?post=780"}],"version-history":[{"count":4,"href":"https:\/\/easyflat-1892.com\/de\/wp-json\/wp\/v2\/pages\/780\/revisions"}],"predecessor-version":[{"id":1277,"href":"https:\/\/easyflat-1892.com\/de\/wp-json\/wp\/v2\/pages\/780\/revisions\/1277"}],"wp:attachment":[{"href":"https:\/\/easyflat-1892.com\/de\/wp-json\/wp\/v2\/media?parent=780"}],"curies":[{"name":"wp","href":"https:\/\/api.w.org\/{rel}","templated":true}]}}