{"id":778,"date":"2024-01-10T15:23:04","date_gmt":"2024-01-10T14:23:04","guid":{"rendered":"https:\/\/easyflat-1892.com\/identitaet\/"},"modified":"2024-07-25T17:48:55","modified_gmt":"2024-07-25T15:48:55","slug":"spezialist-fur-blechrichtmaschinen","status":"publish","type":"page","link":"https:\/\/easyflat-1892.com\/de\/spezialist-fur-blechrichtmaschinen\/","title":{"rendered":"Identit\u00e4t"},"content":{"rendered":"\n<div class=\"wp-block-getwid-section\"><div class=\"wp-block-getwid-section__wrapper\" style=\"min-height:90vh\"><div class=\"wp-block-getwid-section__inner-wrapper\"><div class=\"wp-block-getwid-section__background-holder\"><div class=\"wp-block-getwid-section__background has-background has-purple-background-color\" style=\"background-image:url('https:\/\/easyflat-1892.com\/wp-content\/uploads\/2024\/02\/fond-case.jpeg')\"><div class=\"wp-block-getwid-section__background-image-wrapper\"><img decoding=\"async\" class=\"wp-block-getwid-section__background-image\" src=\"https:\/\/easyflat-1892.com\/wp-content\/uploads\/2024\/02\/fond-case.jpeg\" alt=\"\"\/><\/div><\/div><div class=\"wp-block-getwid-section__foreground\" style=\"opacity:0.75;background-color:#342b7d\"><\/div><\/div><div class=\"wp-block-getwid-section__content\"><div class=\"wp-block-getwid-section__inner-content\">\n<h1 class=\"wp-block-heading has-text-align-center has-white-color has-text-color has-link-color wp-elements-e10eb68d94fb18e5a5e05b218b27cd25\">EASYFLAT, DAS ERGEBNIS EINER\n        <br><strong>INDUSTRIEALLIANZ\n        <\/strong><\/h1>\n\n\n\n<div class=\"wp-block-group is-content-justification-center is-nowrap is-layout-flex wp-container-core-group-is-layout-94bc23d7 wp-block-group-is-layout-flex\">\n<figure class=\"wp-block-image size-full is-resized\"><img loading=\"lazy\" decoding=\"async\" width=\"300\" height=\"300\" src=\"https:\/\/easyflat-1892.com\/wp-content\/uploads\/2024\/01\/logo-picot-square.jpg\" alt=\"\" class=\"wp-image-299\" style=\"width:200px\" srcset=\"https:\/\/easyflat-1892.com\/wp-content\/uploads\/2024\/01\/logo-picot-square.jpg 300w, https:\/\/easyflat-1892.com\/wp-content\/uploads\/2024\/01\/logo-picot-square-100x100.jpg 100w, https:\/\/easyflat-1892.com\/wp-content\/uploads\/2024\/01\/logo-picot-square-150x150.jpg 150w\" sizes=\"auto, (max-width: 300px) 100vw, 300px\" \/><\/figure>\n\n\n\n<figure class=\"wp-block-image size-full is-resized\"><img loading=\"lazy\" decoding=\"async\" width=\"300\" height=\"300\" src=\"https:\/\/easyflat-1892.com\/wp-content\/uploads\/2024\/03\/logo-lisse-square-2.jpg\" alt=\"\" class=\"wp-image-688\" style=\"width:200px\" srcset=\"https:\/\/easyflat-1892.com\/wp-content\/uploads\/2024\/03\/logo-lisse-square-2.jpg 300w, https:\/\/easyflat-1892.com\/wp-content\/uploads\/2024\/03\/logo-lisse-square-2-150x150.jpg 150w, https:\/\/easyflat-1892.com\/wp-content\/uploads\/2024\/03\/logo-lisse-square-2-100x100.jpg 100w\" sizes=\"auto, (max-width: 300px) 100vw, 300px\" \/><\/figure>\n<\/div>\n<\/div><\/div><\/div><\/div><\/div>\n\n\n\n<div class=\"wp-block-getwid-section\"><div class=\"wp-block-getwid-section__wrapper getwid-padding-top-large getwid-padding-bottom-large\"><div class=\"wp-block-getwid-section__inner-wrapper\"><div class=\"wp-block-getwid-section__background-holder\"><div class=\"wp-block-getwid-section__background\" style=\"background-image:url('https:\/\/easyflat-1892.com\/wp-content\/uploads\/2024\/01\/fond-qui-sommes-nous.jpg');background-position:center center;background-repeat:no-repeat\"><div class=\"wp-block-getwid-section__background-image-wrapper\"><img decoding=\"async\" class=\"wp-block-getwid-section__background-image\" src=\"https:\/\/easyflat-1892.com\/wp-content\/uploads\/2024\/01\/fond-qui-sommes-nous.jpg\" alt=\"\"\/><\/div><\/div><div class=\"wp-block-getwid-section__foreground\"><\/div><\/div><div class=\"wp-block-getwid-section__content\"><div class=\"wp-block-getwid-section__inner-content\">\n<div class=\"wp-block-columns is-layout-flex wp-container-core-columns-is-layout-9d6595d7 wp-block-columns-is-layout-flex\">\n<div class=\"wp-block-column is-layout-flow wp-block-column-is-layout-flow\">\n<h2 class=\"wp-block-heading has-purple-color has-text-color has-link-color wp-elements-199ae5abc1ad840d984ea76ade97cada\">Unsere <mark style=\"background-color:#342b7d\" class=\"has-inline-color has-white-color\"><span class=\"fort\">Identit\u00e4t<\/span><\/mark> : Experte f\u00fcr die Herstellung von Blechrichtmaschinen und -richtmaschinen<\/h2>\n\n\n\n<p>EASYFLAT ist das Ergebnis einer Industrieallianz zwischen zwei franz\u00f6sischen <strong>Werkzeugmaschinenherstellern<\/strong>, um auf die Entwicklungen in der Stanzindustrie zu reagieren:<\/p>\n\n\n\n<ul class=\"wp-block-list\">\n<li><span class=\"fort\">Gr\u00e9gory CONRAUD,<\/span> Gesch\u00e4ftsf\u00fchrer von AMB PICOT &amp; Mitbegr\u00fcnder von EasyFlat\n        <\/li>\n\n\n\n<li><span class=\"fort\">Pierre BASSI,<\/span> Gesch\u00e4ftsf\u00fchrer von LISSE &amp; Mitbegr\u00fcnder von EasyFlat\n        <\/li>\n<\/ul>\n<\/div>\n\n\n\n<div class=\"wp-block-column is-layout-flow wp-block-column-is-layout-flow\"><\/div>\n<\/div>\n<\/div><\/div><\/div><\/div><\/div>\n\n\n\n<div class=\"wp-block-getwid-section\"><div class=\"wp-block-getwid-section__wrapper getwid-padding-top-large getwid-padding-bottom-large\"><div class=\"wp-block-getwid-section__inner-wrapper\"><div class=\"wp-block-getwid-section__background-holder\"><div class=\"wp-block-getwid-section__background\" style=\"background-image:url('https:\/\/easyflat-1892.com\/wp-content\/uploads\/2024\/01\/fond-header.jpg')\"><div class=\"wp-block-getwid-section__background-image-wrapper\"><img decoding=\"async\" class=\"wp-block-getwid-section__background-image\" src=\"https:\/\/easyflat-1892.com\/wp-content\/uploads\/2024\/01\/fond-header.jpg\" alt=\"\"\/><\/div><\/div><div class=\"wp-block-getwid-section__foreground\"><\/div><\/div><div class=\"wp-block-getwid-section__content\"><div class=\"wp-block-getwid-section__inner-content\">\n<h2 class=\"wp-block-heading has-white-color has-text-color has-link-color wp-elements-fd9d83b034b26f65d35febd06295ace3\">Unsere <mark style=\"background-color:#fff\" class=\"has-inline-color has-purple-color\"><span class=\"fort\">Werte<\/span><\/mark><\/h2>\n\n\n\n<div class=\"wp-block-columns has-white-color has-text-color has-link-color wp-elements-803c73f8a805805cf68640b5f7c8dd8c is-layout-flex wp-container-core-columns-is-layout-9d6595d7 wp-block-columns-is-layout-flex\">\n<div class=\"wp-block-column is-layout-flow wp-block-column-is-layout-flow\">\n<figure class=\"wp-block-image aligncenter size-full is-resized is-style-rounded wp-duotone-fff-fff-1\"><img decoding=\"async\" src=\"https:\/\/easyflat-1892.com\/wp-content\/uploads\/2024\/01\/icon-hand.svg\" alt=\"\" class=\"wp-image-306\" style=\"aspect-ratio:1;object-fit:contain;width:80px\"\/><\/figure>\n\n\n\n<p class=\"has-text-align-center\"><strong>ZWECKM\u00c4SSIGKEIT\n        <\/strong><\/p>\n\n\n\n<p class=\"has-text-align-center\">EASYFLAT sch\u00e4tzt die Zweckm\u00e4\u00dfigkeit und stellt die Benutzerorientierung in den Mittelpunkt seiner Entwicklung: Design und funktionelle Ergonomie, einfache und intuitive Bedienoberfl\u00e4che, erleichterte Inbetriebnahme und Wartung.\n        <\/p>\n<\/div>\n\n\n\n<div class=\"wp-block-column is-layout-flow wp-block-column-is-layout-flow\">\n<figure class=\"wp-block-image aligncenter size-full is-resized is-style-rounded wp-duotone-fff-fff-2\"><img decoding=\"async\" src=\"https:\/\/easyflat-1892.com\/wp-content\/uploads\/2024\/01\/icon-rocket.svg\" alt=\"\" class=\"wp-image-307\" style=\"aspect-ratio:1;object-fit:contain;width:80px\"\/><\/figure>\n\n\n\n<p class=\"has-text-align-center\"><strong>DYNAMIK\n        <\/strong><\/p>\n\n\n\n<p class=\"has-text-align-center\">Die Dynamik von EASYFLAT, die durch das Engagement der Gr\u00fcnder und Gesch\u00e4ftsf\u00fchrer verk\u00f6rpert wird, zeigt sich in einer ausgepr\u00e4gten Kultur der industriellen Innovation, einer hohen Reaktionsf\u00e4higkeit und dem st\u00e4ndigen Bestreben, auf die Entwicklung der Kundenbed\u00fcrfnisse passende Antworten zu finden.\n        <\/p>\n<\/div>\n\n\n\n<div class=\"wp-block-column is-layout-flow wp-block-column-is-layout-flow\">\n<figure class=\"wp-block-image aligncenter size-full is-resized is-style-rounded wp-duotone-fff-fff-3\"><img decoding=\"async\" src=\"https:\/\/easyflat-1892.com\/wp-content\/uploads\/2024\/01\/icon-check.svg\" alt=\"\" class=\"wp-image-305\" style=\"aspect-ratio:1;object-fit:contain;width:80px\"\/><\/figure>\n\n\n\n<p class=\"has-text-align-center\"><strong>ZUVERL\u00c4SSIGKEIT\n        <\/strong><\/p>\n\n\n\n<p class=\"has-text-align-center\">Die Zuverl\u00e4ssigkeit und Robustheit der EASYFLAT-Maschinen beruht auf einem fundierten Fachwissen und einer kompletten Kontrolle \u00fcber die Herstellung, die sich in mehr als 100 Jahren Erfahrungsaustausch bew\u00e4hrt haben.\n        <\/p>\n<\/div>\n<\/div>\n<\/div><\/div><\/div><\/div><\/div>\n\n\n\n<div class=\"wp-block-getwid-section\"><div class=\"wp-block-getwid-section__wrapper getwid-padding-top-medium getwid-padding-bottom-medium\"><div class=\"wp-block-getwid-section__inner-wrapper\"><div class=\"wp-block-getwid-section__background-holder\"><div class=\"wp-block-getwid-section__background\"><\/div><div class=\"wp-block-getwid-section__foreground\"><\/div><\/div><div class=\"wp-block-getwid-section__content\"><div class=\"wp-block-getwid-section__inner-content\">\n<h2 class=\"wp-block-heading has-text-align-center has-purple-color has-text-color has-link-color wp-elements-bc50cce263cef6583330e2bde7b6446a\"><span class=\"fort\">Mehr erfahren<\/span>?\n        <\/h2>\n\n\n\n<div class=\"wp-block-buttons is-content-justification-center is-layout-flex wp-container-core-buttons-is-layout-16018d1d wp-block-buttons-is-layout-flex\">\n<div class=\"wp-block-button\"><a class=\"wp-block-button__link wp-element-button\" href=\"https:\/\/easyflat-1892.com\/de\/know-how\/\"><strong>Unser Know-how<\/strong> entdecken\n        <\/a><\/div>\n<\/div>\n<\/div><\/div><\/div><\/div><\/div>\n","protected":false},"excerpt":{"rendered":"","protected":false},"author":1,"featured_media":0,"parent":0,"menu_order":0,"comment_status":"closed","ping_status":"closed","template":"","meta":{"footnotes":""},"class_list":["post-778","page","type-page","status-publish","hentry"],"yoast_head":"<!-- This site is optimized with the Yoast SEO plugin v22.9 - https:\/\/yoast.com\/wordpress\/plugins\/seo\/ -->\n<title>Blechrichtmaschinen Hersteller- und Richtmaschinen<\/title>\n<meta name=\"description\" content=\"EASYFLAT ist auf die Herstellung von Standard-Blechrichtmaschinen und Blechrichtmaschinen spezialisiert. Kontaktieren Sie uns!\" \/>\n<meta name=\"robots\" content=\"index, follow, max-snippet:-1, max-image-preview:large, max-video-preview:-1\" \/>\n<link rel=\"canonical\" href=\"https:\/\/easyflat-1892.com\/de\/spezialist-fur-blechrichtmaschinen\/\" \/>\n<meta property=\"og:locale\" content=\"de_DE\" \/>\n<meta property=\"og:type\" content=\"article\" \/>\n<meta property=\"og:title\" content=\"Blechrichtmaschinen Hersteller- und Richtmaschinen\" \/>\n<meta property=\"og:description\" content=\"EASYFLAT ist auf die Herstellung von Standard-Blechrichtmaschinen und Blechrichtmaschinen spezialisiert. Kontaktieren Sie uns!\" \/>\n<meta property=\"og:url\" content=\"https:\/\/easyflat-1892.com\/de\/spezialist-fur-blechrichtmaschinen\/\" \/>\n<meta property=\"og:site_name\" content=\"EasyFlat\" \/>\n<meta property=\"article:modified_time\" content=\"2024-07-25T15:48:55+00:00\" \/>\n<meta property=\"og:image\" content=\"https:\/\/easyflat-1892.com\/wp-content\/uploads\/2024\/02\/fond-case.jpeg\" \/>\n<meta name=\"twitter:card\" content=\"summary_large_image\" \/>\n<meta name=\"twitter:label1\" content=\"Gesch\u00e4tzte Lesezeit\" \/>\n\t<meta name=\"twitter:data1\" content=\"3\u00a0Minuten\" \/>\n<script type=\"application\/ld+json\" class=\"yoast-schema-graph\">{\"@context\":\"https:\/\/schema.org\",\"@graph\":[{\"@type\":\"WebPage\",\"@id\":\"https:\/\/easyflat-1892.com\/de\/spezialist-fur-blechrichtmaschinen\/\",\"url\":\"https:\/\/easyflat-1892.com\/de\/spezialist-fur-blechrichtmaschinen\/\",\"name\":\"Blechrichtmaschinen Hersteller- und Richtmaschinen\",\"isPartOf\":{\"@id\":\"https:\/\/easyflat-1892.com\/#website\"},\"primaryImageOfPage\":{\"@id\":\"https:\/\/easyflat-1892.com\/de\/spezialist-fur-blechrichtmaschinen\/#primaryimage\"},\"image\":{\"@id\":\"https:\/\/easyflat-1892.com\/de\/spezialist-fur-blechrichtmaschinen\/#primaryimage\"},\"thumbnailUrl\":\"https:\/\/easyflat-1892.com\/wp-content\/uploads\/2024\/02\/fond-case.jpeg\",\"datePublished\":\"2024-01-10T14:23:04+00:00\",\"dateModified\":\"2024-07-25T15:48:55+00:00\",\"description\":\"EASYFLAT ist auf die Herstellung von Standard-Blechrichtmaschinen und Blechrichtmaschinen spezialisiert. Kontaktieren Sie uns!\",\"breadcrumb\":{\"@id\":\"https:\/\/easyflat-1892.com\/de\/spezialist-fur-blechrichtmaschinen\/#breadcrumb\"},\"inLanguage\":\"de\",\"potentialAction\":[{\"@type\":\"ReadAction\",\"target\":[\"https:\/\/easyflat-1892.com\/de\/spezialist-fur-blechrichtmaschinen\/\"]}]},{\"@type\":\"ImageObject\",\"inLanguage\":\"de\",\"@id\":\"https:\/\/easyflat-1892.com\/de\/spezialist-fur-blechrichtmaschinen\/#primaryimage\",\"url\":\"https:\/\/easyflat-1892.com\/wp-content\/uploads\/2024\/02\/fond-case.jpeg\",\"contentUrl\":\"https:\/\/easyflat-1892.com\/wp-content\/uploads\/2024\/02\/fond-case.jpeg\"},{\"@type\":\"BreadcrumbList\",\"@id\":\"https:\/\/easyflat-1892.com\/de\/spezialist-fur-blechrichtmaschinen\/#breadcrumb\",\"itemListElement\":[{\"@type\":\"ListItem\",\"position\":1,\"name\":\"Accueil\",\"item\":\"https:\/\/easyflat-1892.com\/de\/\"},{\"@type\":\"ListItem\",\"position\":2,\"name\":\"Identit\u00e4t\"}]},{\"@type\":\"WebSite\",\"@id\":\"https:\/\/easyflat-1892.com\/#website\",\"url\":\"https:\/\/easyflat-1892.com\/\",\"name\":\"EasyFlat\",\"description\":\"\",\"potentialAction\":[{\"@type\":\"SearchAction\",\"target\":{\"@type\":\"EntryPoint\",\"urlTemplate\":\"https:\/\/easyflat-1892.com\/?s={search_term_string}\"},\"query-input\":\"required name=search_term_string\"}],\"inLanguage\":\"de\"}]}<\/script>\n<!-- \/ Yoast SEO plugin. -->","yoast_head_json":{"title":"Blechrichtmaschinen Hersteller- und Richtmaschinen","description":"EASYFLAT ist auf die Herstellung von Standard-Blechrichtmaschinen und Blechrichtmaschinen spezialisiert. Kontaktieren Sie uns!","robots":{"index":"index","follow":"follow","max-snippet":"max-snippet:-1","max-image-preview":"max-image-preview:large","max-video-preview":"max-video-preview:-1"},"canonical":"https:\/\/easyflat-1892.com\/de\/spezialist-fur-blechrichtmaschinen\/","og_locale":"de_DE","og_type":"article","og_title":"Blechrichtmaschinen Hersteller- und Richtmaschinen","og_description":"EASYFLAT ist auf die Herstellung von Standard-Blechrichtmaschinen und Blechrichtmaschinen spezialisiert. Kontaktieren Sie uns!","og_url":"https:\/\/easyflat-1892.com\/de\/spezialist-fur-blechrichtmaschinen\/","og_site_name":"EasyFlat","article_modified_time":"2024-07-25T15:48:55+00:00","og_image":[{"url":"https:\/\/easyflat-1892.com\/wp-content\/uploads\/2024\/02\/fond-case.jpeg"}],"twitter_card":"summary_large_image","twitter_misc":{"Gesch\u00e4tzte Lesezeit":"3\u00a0Minuten"},"schema":{"@context":"https:\/\/schema.org","@graph":[{"@type":"WebPage","@id":"https:\/\/easyflat-1892.com\/de\/spezialist-fur-blechrichtmaschinen\/","url":"https:\/\/easyflat-1892.com\/de\/spezialist-fur-blechrichtmaschinen\/","name":"Blechrichtmaschinen Hersteller- und Richtmaschinen","isPartOf":{"@id":"https:\/\/easyflat-1892.com\/#website"},"primaryImageOfPage":{"@id":"https:\/\/easyflat-1892.com\/de\/spezialist-fur-blechrichtmaschinen\/#primaryimage"},"image":{"@id":"https:\/\/easyflat-1892.com\/de\/spezialist-fur-blechrichtmaschinen\/#primaryimage"},"thumbnailUrl":"https:\/\/easyflat-1892.com\/wp-content\/uploads\/2024\/02\/fond-case.jpeg","datePublished":"2024-01-10T14:23:04+00:00","dateModified":"2024-07-25T15:48:55+00:00","description":"EASYFLAT ist auf die Herstellung von Standard-Blechrichtmaschinen und Blechrichtmaschinen spezialisiert. Kontaktieren Sie uns!","breadcrumb":{"@id":"https:\/\/easyflat-1892.com\/de\/spezialist-fur-blechrichtmaschinen\/#breadcrumb"},"inLanguage":"de","potentialAction":[{"@type":"ReadAction","target":["https:\/\/easyflat-1892.com\/de\/spezialist-fur-blechrichtmaschinen\/"]}]},{"@type":"ImageObject","inLanguage":"de","@id":"https:\/\/easyflat-1892.com\/de\/spezialist-fur-blechrichtmaschinen\/#primaryimage","url":"https:\/\/easyflat-1892.com\/wp-content\/uploads\/2024\/02\/fond-case.jpeg","contentUrl":"https:\/\/easyflat-1892.com\/wp-content\/uploads\/2024\/02\/fond-case.jpeg"},{"@type":"BreadcrumbList","@id":"https:\/\/easyflat-1892.com\/de\/spezialist-fur-blechrichtmaschinen\/#breadcrumb","itemListElement":[{"@type":"ListItem","position":1,"name":"Accueil","item":"https:\/\/easyflat-1892.com\/de\/"},{"@type":"ListItem","position":2,"name":"Identit\u00e4t"}]},{"@type":"WebSite","@id":"https:\/\/easyflat-1892.com\/#website","url":"https:\/\/easyflat-1892.com\/","name":"EasyFlat","description":"","potentialAction":[{"@type":"SearchAction","target":{"@type":"EntryPoint","urlTemplate":"https:\/\/easyflat-1892.com\/?s={search_term_string}"},"query-input":"required name=search_term_string"}],"inLanguage":"de"}]}},"_links":{"self":[{"href":"https:\/\/easyflat-1892.com\/de\/wp-json\/wp\/v2\/pages\/778","targetHints":{"allow":["GET"]}}],"collection":[{"href":"https:\/\/easyflat-1892.com\/de\/wp-json\/wp\/v2\/pages"}],"about":[{"href":"https:\/\/easyflat-1892.com\/de\/wp-json\/wp\/v2\/types\/page"}],"author":[{"embeddable":true,"href":"https:\/\/easyflat-1892.com\/de\/wp-json\/wp\/v2\/users\/1"}],"replies":[{"embeddable":true,"href":"https:\/\/easyflat-1892.com\/de\/wp-json\/wp\/v2\/comments?post=778"}],"version-history":[{"count":2,"href":"https:\/\/easyflat-1892.com\/de\/wp-json\/wp\/v2\/pages\/778\/revisions"}],"predecessor-version":[{"id":1179,"href":"https:\/\/easyflat-1892.com\/de\/wp-json\/wp\/v2\/pages\/778\/revisions\/1179"}],"wp:attachment":[{"href":"https:\/\/easyflat-1892.com\/de\/wp-json\/wp\/v2\/media?parent=778"}],"curies":[{"name":"wp","href":"https:\/\/api.w.org\/{rel}","templated":true}]}}