{"id":763,"date":"2024-01-31T12:39:59","date_gmt":"2024-01-31T11:39:59","guid":{"rendered":"https:\/\/easyflat-1892.com\/unsere-maschinen-in-der-welt\/"},"modified":"2024-03-22T15:03:54","modified_gmt":"2024-03-22T14:03:54","slug":"unsere-maschinen-in-der-welt","status":"publish","type":"page","link":"https:\/\/easyflat-1892.com\/de\/unsere-maschinen-in-der-welt\/","title":{"rendered":"Unsere Maschinen in der Welt"},"content":{"rendered":"\n<div class=\"wp-block-getwid-section getwid-section-content-custom-width\"><div class=\"wp-block-getwid-section__wrapper\" style=\"min-height:90vh\"><div class=\"wp-block-getwid-section__inner-wrapper\" style=\"max-width:1000px\"><div class=\"wp-block-getwid-section__background-holder\"><div class=\"wp-block-getwid-section__background has-background has-purple-background-color\" style=\"background-image:url('https:\/\/easyflat-1892.com\/wp-content\/uploads\/2024\/02\/fond-case.jpeg')\"><div class=\"wp-block-getwid-section__background-image-wrapper\"><img decoding=\"async\" class=\"wp-block-getwid-section__background-image\" src=\"https:\/\/easyflat-1892.com\/wp-content\/uploads\/2024\/02\/fond-case.jpeg\" alt=\"\"\/><\/div><\/div><div class=\"wp-block-getwid-section__foreground\" style=\"opacity:0.75;background-color:#342b7d\"><\/div><\/div><div class=\"wp-block-getwid-section__content\"><div class=\"wp-block-getwid-section__inner-content\">\n<h1 class=\"wp-block-heading has-text-align-center has-white-color has-text-color has-link-color wp-elements-572f68060affe33af3421ccd2105e4bc\" style=\"text-transform:uppercase\">Unsere <strong>Maschinen<\/strong> in der <strong>Welt<\/strong><\/h1>\n\n\n\n<hr class=\"wp-block-separator has-text-color has-white-color has-alpha-channel-opacity has-white-background-color has-background\"\/>\n\n\n\n<p class=\"has-text-align-center has-white-color has-text-color has-link-color wp-elements-7dc6af7c62a2f20e092b2c104abf67fb\">Mehr als 400 Industriestandorte vertrauen auf unsere Maschinen aufgrund ihrer Effizienz und Zuverl\u00e4ssigkeit.\n        <br\/>Unsere <strong>Rapide Richtmaschinen<\/strong> und <strong>Advantage Planrichtmaschinen <\/strong>werden auf der ganzen Welt eingesetzt.\n        <\/p>\n<\/div><\/div><\/div><\/div><\/div>\n\n<div class=\"wp-block-getwid-section\"><div class=\"wp-block-getwid-section__wrapper getwid-padding-top-large getwid-padding-bottom-large\"><div class=\"wp-block-getwid-section__inner-wrapper\"><div class=\"wp-block-getwid-section__background-holder\"><div class=\"wp-block-getwid-section__background\" style=\"background-image:url('https:\/\/easyflat-1892.com\/wp-content\/uploads\/2024\/01\/fond-qui-sommes-nous.jpg');background-position:center center;background-repeat:no-repeat\"><div class=\"wp-block-getwid-section__background-image-wrapper\"><img decoding=\"async\" class=\"wp-block-getwid-section__background-image\" src=\"https:\/\/easyflat-1892.com\/wp-content\/uploads\/2024\/01\/fond-qui-sommes-nous.jpg\" alt=\"\"\/><\/div><\/div><div class=\"wp-block-getwid-section__foreground\"><\/div><\/div><div class=\"wp-block-getwid-section__content\"><div class=\"wp-block-getwid-section__inner-content\">\n<div class=\"wp-block-columns is-layout-flex wp-container-core-columns-is-layout-9d6595d7 wp-block-columns-is-layout-flex\">\n<div class=\"wp-block-column is-layout-flow wp-block-column-is-layout-flow\">\n<h2 class=\"wp-block-heading has-purple-color has-text-color has-link-color wp-elements-155452161733684ce9b691fa084cc5b9\">Unser <mark style=\"background-color:#342b7d\" class=\"has-inline-color has-white-color\"><strong>Netzwerk<\/strong><\/mark><\/h2>\n\n\n\n<p>Unser Netzwerk von autorisierten H\u00e4ndlern ist auf der ganzen Welt pr\u00e4sent.\n         Unsere Vertreter bieten Ihnen eine kundennahe Betreuung, um Ihren Bedarf zu untersuchen, Ihnen beim Treffen der besten technischen Entscheidungen zu helfen und die Installation, den Betrieb und die Wartung Ihrer Richtmaschinen und Planrichtmaschinen zu optimieren.\n         Damit Sie an unseren Experten vor Ort weitergeleitet werden, k\u00f6nnen Sie Ihre Maschine einfach direkt \u00fcber diese Website ausw\u00e4hlen und reservieren.\n        <\/p>\n\n\n\n<div class=\"wp-block-buttons is-layout-flex wp-block-buttons-is-layout-flex\">\n<div class=\"wp-block-button\"><a class=\"wp-block-button__link wp-element-button\" href=\"https:\/\/easyflat-1892.com\/de\/myeasyflat\/\">Meine Maschine ausw\u00e4hlen\n        <\/a><\/div>\n<\/div>\n<\/div>\n\n\n\n<div class=\"wp-block-column is-layout-flow wp-block-column-is-layout-flow\"><\/div>\n<\/div>\n<\/div><\/div><\/div><\/div><\/div>\n\n<div class=\"wp-block-getwid-section\"><div class=\"wp-block-getwid-section__wrapper getwid-padding-top-medium getwid-padding-bottom-medium\"><div class=\"wp-block-getwid-section__inner-wrapper\"><div class=\"wp-block-getwid-section__background-holder\"><div class=\"wp-block-getwid-section__background\"><\/div><div class=\"wp-block-getwid-section__foreground\"><\/div><\/div><div class=\"wp-block-getwid-section__content\"><div class=\"wp-block-getwid-section__inner-content\">\n<h2 class=\"wp-block-heading has-text-align-center has-purple-color has-text-color has-link-color wp-elements-575d46e7ae520dd76822761332b860d5\">Mehr als <strong>350 Industriestandorte<\/strong> sind mit EASY FLAT-Maschinen ausgestattet!\n        <\/h2>\n\n\n\n<figure class=\"wp-block-image size-large\"><img loading=\"lazy\" decoding=\"async\" width=\"1024\" height=\"646\" src=\"https:\/\/easyflat-1892.com\/wp-content\/uploads\/2024\/03\/map-easyflat-2-1024x646.png\" alt=\"\" class=\"wp-image-733\" srcset=\"https:\/\/easyflat-1892.com\/wp-content\/uploads\/2024\/03\/map-easyflat-2-1024x646.png 1024w, https:\/\/easyflat-1892.com\/wp-content\/uploads\/2024\/03\/map-easyflat-2-300x189.png 300w, https:\/\/easyflat-1892.com\/wp-content\/uploads\/2024\/03\/map-easyflat-2-768x485.png 768w, https:\/\/easyflat-1892.com\/wp-content\/uploads\/2024\/03\/map-easyflat-2-600x379.png 600w, https:\/\/easyflat-1892.com\/wp-content\/uploads\/2024\/03\/map-easyflat-2.png 1277w\" sizes=\"auto, (max-width: 1024px) 100vw, 1024px\" \/><\/figure>\n<\/div><\/div><\/div><\/div><\/div>\n","protected":false},"excerpt":{"rendered":"","protected":false},"author":1,"featured_media":0,"parent":0,"menu_order":0,"comment_status":"closed","ping_status":"closed","template":"","meta":{"footnotes":""},"class_list":["post-763","page","type-page","status-publish","hentry"],"yoast_head":"<!-- This site is optimized with the Yoast SEO plugin v22.9 - https:\/\/yoast.com\/wordpress\/plugins\/seo\/ -->\n<title>Unsere Maschinen in der Welt - EasyFlat<\/title>\n<meta name=\"robots\" content=\"index, follow, max-snippet:-1, max-image-preview:large, max-video-preview:-1\" \/>\n<link rel=\"canonical\" href=\"https:\/\/easyflat-1892.com\/nos-machines-dans-le-monde\/\" \/>\n<meta property=\"og:locale\" content=\"de_DE\" \/>\n<meta property=\"og:type\" content=\"article\" \/>\n<meta property=\"og:title\" content=\"Unsere Maschinen in der Welt - EasyFlat\" \/>\n<meta property=\"og:url\" content=\"https:\/\/easyflat-1892.com\/nos-machines-dans-le-monde\/\" \/>\n<meta property=\"og:site_name\" content=\"EasyFlat\" \/>\n<meta property=\"article:modified_time\" content=\"2024-03-22T14:03:54+00:00\" \/>\n<meta property=\"og:image\" content=\"https:\/\/easyflat-1892.com\/wp-content\/uploads\/2024\/02\/fond-case.jpeg\" \/>\n<meta name=\"twitter:card\" content=\"summary_large_image\" \/>\n<meta name=\"twitter:label1\" content=\"Gesch\u00e4tzte Lesezeit\" \/>\n\t<meta name=\"twitter:data1\" content=\"1\u00a0Minute\" \/>\n<script type=\"application\/ld+json\" class=\"yoast-schema-graph\">{\"@context\":\"https:\/\/schema.org\",\"@graph\":[{\"@type\":\"WebPage\",\"@id\":\"https:\/\/easyflat-1892.com\/nos-machines-dans-le-monde\/\",\"url\":\"https:\/\/easyflat-1892.com\/nos-machines-dans-le-monde\/\",\"name\":\"Unsere Maschinen in der Welt - EasyFlat\",\"isPartOf\":{\"@id\":\"https:\/\/easyflat-1892.com\/#website\"},\"primaryImageOfPage\":{\"@id\":\"https:\/\/easyflat-1892.com\/nos-machines-dans-le-monde\/#primaryimage\"},\"image\":{\"@id\":\"https:\/\/easyflat-1892.com\/nos-machines-dans-le-monde\/#primaryimage\"},\"thumbnailUrl\":\"https:\/\/easyflat-1892.com\/wp-content\/uploads\/2024\/02\/fond-case.jpeg\",\"datePublished\":\"2024-01-31T11:39:59+00:00\",\"dateModified\":\"2024-03-22T14:03:54+00:00\",\"breadcrumb\":{\"@id\":\"https:\/\/easyflat-1892.com\/nos-machines-dans-le-monde\/#breadcrumb\"},\"inLanguage\":\"de\",\"potentialAction\":[{\"@type\":\"ReadAction\",\"target\":[\"https:\/\/easyflat-1892.com\/nos-machines-dans-le-monde\/\"]}]},{\"@type\":\"ImageObject\",\"inLanguage\":\"de\",\"@id\":\"https:\/\/easyflat-1892.com\/nos-machines-dans-le-monde\/#primaryimage\",\"url\":\"https:\/\/easyflat-1892.com\/wp-content\/uploads\/2024\/02\/fond-case.jpeg\",\"contentUrl\":\"https:\/\/easyflat-1892.com\/wp-content\/uploads\/2024\/02\/fond-case.jpeg\"},{\"@type\":\"BreadcrumbList\",\"@id\":\"https:\/\/easyflat-1892.com\/nos-machines-dans-le-monde\/#breadcrumb\",\"itemListElement\":[{\"@type\":\"ListItem\",\"position\":1,\"name\":\"Accueil\",\"item\":\"https:\/\/easyflat-1892.com\/de\/\"},{\"@type\":\"ListItem\",\"position\":2,\"name\":\"Unsere Maschinen in der Welt\"}]},{\"@type\":\"WebSite\",\"@id\":\"https:\/\/easyflat-1892.com\/#website\",\"url\":\"https:\/\/easyflat-1892.com\/\",\"name\":\"EasyFlat\",\"description\":\"\",\"potentialAction\":[{\"@type\":\"SearchAction\",\"target\":{\"@type\":\"EntryPoint\",\"urlTemplate\":\"https:\/\/easyflat-1892.com\/?s={search_term_string}\"},\"query-input\":\"required name=search_term_string\"}],\"inLanguage\":\"de\"}]}<\/script>\n<!-- \/ Yoast SEO plugin. -->","yoast_head_json":{"title":"Unsere Maschinen in der Welt - EasyFlat","robots":{"index":"index","follow":"follow","max-snippet":"max-snippet:-1","max-image-preview":"max-image-preview:large","max-video-preview":"max-video-preview:-1"},"canonical":"https:\/\/easyflat-1892.com\/nos-machines-dans-le-monde\/","og_locale":"de_DE","og_type":"article","og_title":"Unsere Maschinen in der Welt - EasyFlat","og_url":"https:\/\/easyflat-1892.com\/nos-machines-dans-le-monde\/","og_site_name":"EasyFlat","article_modified_time":"2024-03-22T14:03:54+00:00","og_image":[{"url":"https:\/\/easyflat-1892.com\/wp-content\/uploads\/2024\/02\/fond-case.jpeg"}],"twitter_card":"summary_large_image","twitter_misc":{"Gesch\u00e4tzte Lesezeit":"1\u00a0Minute"},"schema":{"@context":"https:\/\/schema.org","@graph":[{"@type":"WebPage","@id":"https:\/\/easyflat-1892.com\/nos-machines-dans-le-monde\/","url":"https:\/\/easyflat-1892.com\/nos-machines-dans-le-monde\/","name":"Unsere Maschinen in der Welt - EasyFlat","isPartOf":{"@id":"https:\/\/easyflat-1892.com\/#website"},"primaryImageOfPage":{"@id":"https:\/\/easyflat-1892.com\/nos-machines-dans-le-monde\/#primaryimage"},"image":{"@id":"https:\/\/easyflat-1892.com\/nos-machines-dans-le-monde\/#primaryimage"},"thumbnailUrl":"https:\/\/easyflat-1892.com\/wp-content\/uploads\/2024\/02\/fond-case.jpeg","datePublished":"2024-01-31T11:39:59+00:00","dateModified":"2024-03-22T14:03:54+00:00","breadcrumb":{"@id":"https:\/\/easyflat-1892.com\/nos-machines-dans-le-monde\/#breadcrumb"},"inLanguage":"de","potentialAction":[{"@type":"ReadAction","target":["https:\/\/easyflat-1892.com\/nos-machines-dans-le-monde\/"]}]},{"@type":"ImageObject","inLanguage":"de","@id":"https:\/\/easyflat-1892.com\/nos-machines-dans-le-monde\/#primaryimage","url":"https:\/\/easyflat-1892.com\/wp-content\/uploads\/2024\/02\/fond-case.jpeg","contentUrl":"https:\/\/easyflat-1892.com\/wp-content\/uploads\/2024\/02\/fond-case.jpeg"},{"@type":"BreadcrumbList","@id":"https:\/\/easyflat-1892.com\/nos-machines-dans-le-monde\/#breadcrumb","itemListElement":[{"@type":"ListItem","position":1,"name":"Accueil","item":"https:\/\/easyflat-1892.com\/de\/"},{"@type":"ListItem","position":2,"name":"Unsere Maschinen in der Welt"}]},{"@type":"WebSite","@id":"https:\/\/easyflat-1892.com\/#website","url":"https:\/\/easyflat-1892.com\/","name":"EasyFlat","description":"","potentialAction":[{"@type":"SearchAction","target":{"@type":"EntryPoint","urlTemplate":"https:\/\/easyflat-1892.com\/?s={search_term_string}"},"query-input":"required name=search_term_string"}],"inLanguage":"de"}]}},"_links":{"self":[{"href":"https:\/\/easyflat-1892.com\/de\/wp-json\/wp\/v2\/pages\/763","targetHints":{"allow":["GET"]}}],"collection":[{"href":"https:\/\/easyflat-1892.com\/de\/wp-json\/wp\/v2\/pages"}],"about":[{"href":"https:\/\/easyflat-1892.com\/de\/wp-json\/wp\/v2\/types\/page"}],"author":[{"embeddable":true,"href":"https:\/\/easyflat-1892.com\/de\/wp-json\/wp\/v2\/users\/1"}],"replies":[{"embeddable":true,"href":"https:\/\/easyflat-1892.com\/de\/wp-json\/wp\/v2\/comments?post=763"}],"version-history":[{"count":1,"href":"https:\/\/easyflat-1892.com\/de\/wp-json\/wp\/v2\/pages\/763\/revisions"}],"predecessor-version":[{"id":764,"href":"https:\/\/easyflat-1892.com\/de\/wp-json\/wp\/v2\/pages\/763\/revisions\/764"}],"wp:attachment":[{"href":"https:\/\/easyflat-1892.com\/de\/wp-json\/wp\/v2\/media?parent=763"}],"curies":[{"name":"wp","href":"https:\/\/api.w.org\/{rel}","templated":true}]}}